{"id":2663,"date":"2025-07-17T02:40:19","date_gmt":"2025-07-17T02:40:19","guid":{"rendered":"https:\/\/onepack.casethemes.net\/?page_id=2663"},"modified":"2026-02-25T07:29:47","modified_gmt":"2026-02-25T07:29:47","slug":"hakkimizda","status":"publish","type":"page","link":"https:\/\/ervaglobal.com\/en\/hakkimizda\/","title":{"rendered":"About us"},"content":{"rendered":"<div data-elementor-type=\"wp-page\" data-elementor-id=\"2663\" class=\"elementor elementor-2663\">\n\t\t\t\t<div class=\"elementor-element elementor-element-cb2a547 e-flex e-con-boxed pxl-row-scroll-none pxl-column-none pxl-full-content-with-space-none e-con e-parent\" data-id=\"cb2a547\" data-element_type=\"container\" data-e-type=\"container\">\t\t\t<div class=\"e-con-inner\">\r\n\t\t<div class=\"elementor-element elementor-element-0a871ed e-con-full e-flex pxl-row-scroll-none pxl-column-none pxl-full-content-with-space-none e-con e-child\" data-id=\"0a871ed\" data-element_type=\"container\" data-e-type=\"container\">\t\t<div class=\"elementor-element elementor-element-b70fb74 elementor-widget elementor-widget-pxl_image\" data-id=\"b70fb74\" data-element_type=\"widget\" data-e-type=\"widget\" data-widget_type=\"pxl_image.default\">\n\t\t\t\t<div class=\"elementor-widget-container\">\n\t\t\t\t\t<div id=\"pxl_image-b70fb74-1352\" class=\"pxl-image-single\" data-wow-delay=\"ms\"  >\r\n    <div class=\"pxl-item--inner\" data-wow-delay=\"120ms\">\r\n        \r\n                    <div class=\"pxl-item--image\" data-parallax-value=\"\">\r\n                                <img fetchpriority=\"high\" decoding=\"async\" class=\"no-lazyload\" src=\"https:\/\/ervaglobal.com\/wp-content\/uploads\/2025\/06\/img-folio-4-550x700.webp\" width=\"550\" height=\"700\" alt=\"img-folio-4\" title=\"img-folio-4\" \/>                            <\/div>\r\n                \r\n    <\/div>\r\n<\/div>\t\t\t\t<\/div>\n\t\t\t\t<\/div>\n\t\t\t\t<\/div>\r\n\t\t<div class=\"elementor-element elementor-element-8f8aa92 e-con-full e-flex pxl-row-scroll-none pxl-column-none pxl-full-content-with-space-none e-con e-child\" data-id=\"8f8aa92\" data-element_type=\"container\" data-e-type=\"container\">\t\t<div class=\"elementor-element elementor-element-c6f07d9 elementor-widget elementor-widget-pxl_heading\" data-id=\"c6f07d9\" data-element_type=\"widget\" data-e-type=\"widget\" data-widget_type=\"pxl_heading.default\">\n\t\t\t\t<div class=\"elementor-widget-container\">\n\t\t\t\t\t\n<div id=\"pxl-pxl_heading-c6f07d9-5742\" class=\"pxl-heading px-sub-title-default-style\">\n\t<div class=\"pxl-heading--inner\">\n\t\t\t\t\t<div class=\"pxl-item--subtitle px-sub-title-default\" data-wow-delay=\"ms\">\n\t\t\t\t<span class=\"pxl-item--subtext\">\n\t\t\t\t\t\t\t\t\t\tAbout us\t\t\t\t<\/span>\n\t\t\t<\/div>\n\t\t\n\t\t<h3 class=\"pxl-item--title style-default highlight-default pxl-split-text split-words-scale\" data-wow-delay=\"ms\">\n\t\t\t\t\tWe manage the process securely by connecting the right projects with the right buyers.\t\t\t<\/h3>\n\n\n\t\t\n\t<\/div>\n<\/div>\t\t\t\t<\/div>\n\t\t\t\t<\/div>\n\t\t\t\t<div class=\"elementor-element elementor-element-f87cba9 elementor-widget__width-initial elementor-widget elementor-widget-pxl_client_review\" data-id=\"f87cba9\" data-element_type=\"widget\" data-e-type=\"widget\" data-widget_type=\"pxl_client_review.default\">\n\t\t\t\t<div class=\"elementor-widget-container\">\n\t\t\t\t\t<div class=\"pxl-client-review pxl-client-review2\" data-wow-delay=\"ms\">\r\n    <div class=\"pxl-item--inner\">\r\n        <div class=\"pxl-item--images el-empty\">\r\n                            <div class=\"pxl-item--img\">\r\n                    <img decoding=\"async\" width=\"295\" height=\"350\" src=\"https:\/\/ervaglobal.com\/wp-content\/uploads\/2026\/02\/PHOTO-2025-06-10-12-31-35_852QYCZTAC_295X350.jpg\" class=\"attachment-full\" alt=\"\" \/>                <\/div>\r\n                            <div class=\"pxl-item--img\">\r\n                    <img decoding=\"async\" width=\"295\" height=\"350\" src=\"https:\/\/ervaglobal.com\/wp-content\/uploads\/2026\/02\/d1_QGOHN446OT_295X350.jpeg\" class=\"attachment-full\" alt=\"\" \/>                <\/div>\r\n                            <div class=\"pxl-item--img\">\r\n                    <img loading=\"lazy\" decoding=\"async\" width=\"295\" height=\"350\" src=\"https:\/\/ervaglobal.com\/wp-content\/uploads\/2026\/02\/VESiKALIK-FOTO-BERKAN_DWFZRCWFTD_295X350.jpeg\" class=\"attachment-full\" alt=\"\" \/>                <\/div>\r\n                            <div class=\"pxl-item--img\">\r\n                    <img loading=\"lazy\" decoding=\"async\" width=\"295\" height=\"350\" src=\"https:\/\/ervaglobal.com\/wp-content\/uploads\/2026\/02\/DSC-8571_BREIE20P1K_295X350.jpeg\" class=\"attachment-full\" alt=\"\" \/>                <\/div>\r\n                            <div class=\"pxl-item--img\">\r\n                    <img loading=\"lazy\" decoding=\"async\" width=\"295\" height=\"350\" src=\"https:\/\/ervaglobal.com\/wp-content\/uploads\/2026\/02\/Onur-US-cb-profil-resmi-YENi-cEKiLEN_QGNP9PCCGI_295X350.jpg\" class=\"attachment-full\" alt=\"\" \/>                <\/div>\r\n                                <\/div>\r\n        <div class=\"pxl-item--meta\">\r\n            <div class=\"pxl-item--title\">\r\n                                    <a class=\"pxl-item--link\" href=\"\">1200+ <\/a>\r\n                                                    <div class=\"pxl-item--title2\">M\u00fc\u015fteri<\/div>\r\n                            <\/div>\r\n        <\/div>\r\n    <\/div>\r\n<\/div>\r\n\r\n\r\n\r\n\r\n\t\t\t\t<\/div>\n\t\t\t\t<\/div>\n\t\t\t\t<div class=\"elementor-element elementor-element-c3a4bb4 elementor-widget-divider--view-line elementor-widget elementor-widget-divider\" data-id=\"c3a4bb4\" data-element_type=\"widget\" data-e-type=\"widget\" data-widget_type=\"divider.default\">\n\t\t\t\t\t\t\t<div class=\"elementor-divider\">\n\t\t\t<span class=\"elementor-divider-separator\">\n\t\t\t\t\t\t<\/span>\n\t\t<\/div>\n\t\t\t\t\t\t<\/div>\n\t\t\t\t<div class=\"elementor-element elementor-element-6c59348 elementor-widget elementor-widget-pxl_text_editor\" data-id=\"6c59348\" data-element_type=\"widget\" data-e-type=\"widget\" data-widget_type=\"pxl_text_editor.default\">\n\t\t\t\t<div class=\"elementor-widget-container\">\n\t\t\t\t\t<div class=\"pxl-text-editor default\">\n\t<div class=\"pxl-item--inner\" data-wow-delay=\"ms\">\n\t\t<div class=\"elementor-element elementor-element-1f174f6 elementor-widget elementor-widget-pxl_text_editor animated fadeInUp\" data-id=\"1f174f6\" data-element_type=\"widget\" data-e-type=\"widget\" data-settings=\"{&quot;_animation&quot;:&quot;fadeInUp&quot;,&quot;_animation_delay&quot;:400}\" data-widget_type=\"pxl_text_editor.default\"><div class=\"elementor-widget-container\"><div class=\"pxl-text-editor default\"><div class=\"pxl-item--inner\" data-wow-delay=\"ms\"><p><strong data-start=\"99\" data-end=\"119\">Erva Global<\/strong>a real estate company that offers professional consulting services in sales and investment processes.<\/p><\/div><\/div><\/div><\/div>\t\t\n\t<\/div>\n<\/div>\t\t\t\t<\/div>\n\t\t\t\t<\/div>\n\t\t\t\t<div class=\"elementor-element elementor-element-472417c elementor-widget elementor-widget-pxl_button\" data-id=\"472417c\" data-element_type=\"widget\" data-e-type=\"widget\" data-widget_type=\"pxl_button.default\">\n\t\t\t\t<div class=\"elementor-widget-container\">\n\t\t\t\t\t<div id=\"pxl-pxl_button-472417c-6858\" class=\"pxl-button pxl-atc-link\" data-wow-delay=\"ms\">\r\n    <a href=\"https:\/\/ervaglobal.com\/en\/ekibimiz\/\" class=\"btn  btn-mask btn-mask1 btn-default  inline pxl-icon--left\" data-wow-delay=\"ms\" data-target=\".pxl-page-popup-template-0\">\r\n                                            <span class=\"pxl--btn-text\" data-text=\"Ekibimiz \u0130le Tan\u0131\u015f\u0131n\">\r\n            Ekibimiz \u0130le Tan\u0131\u015f\u0131n        <\/span>\r\n            <\/a>\r\n<\/div>\t\t\t\t<\/div>\n\t\t\t\t<\/div>\n\t\t\t\t<\/div>\r\n\t\t\t\t\t<\/div>\r\n\t\t\t\t<\/div>\r\n\t\t<div class=\"elementor-element elementor-element-d8a379d e-flex e-con-boxed pxl-row-scroll-none pxl-column-none pxl-full-content-with-space-none e-con e-parent\" data-id=\"d8a379d\" data-element_type=\"container\" data-e-type=\"container\">\t\t\t<div class=\"e-con-inner\">\r\n\t\t<div class=\"elementor-element elementor-element-633fd46 e-con-full e-flex pxl-row-scroll-none pxl-column-none pxl-full-content-with-space-none e-con e-child\" data-id=\"633fd46\" data-element_type=\"container\" data-e-type=\"container\">\t\t<div class=\"elementor-element elementor-element-2e7473b elementor-widget elementor-widget-pxl_heading\" data-id=\"2e7473b\" data-element_type=\"widget\" data-e-type=\"widget\" data-widget_type=\"pxl_heading.default\">\n\t\t\t\t<div class=\"elementor-widget-container\">\n\t\t\t\t\t\n<div id=\"pxl-pxl_heading-2e7473b-7078\" class=\"pxl-heading px-sub-title-default-style\">\n\t<div class=\"pxl-heading--inner\">\n\t\t\t\t\t<div class=\"pxl-item--subtitle px-sub-title-default\" data-wow-delay=\"ms\">\n\t\t\t\t<span class=\"pxl-item--subtext\">\n\t\t\t\t\t\t\t\t\t\tMisyon &amp; Vizyon\t\t\t\t<\/span>\n\t\t\t<\/div>\n\t\t\n\t\t<h2 class=\"pxl-item--title style-default highlight-default pxl-split-text split-words-scale\" data-wow-delay=\"ms\">\n\t\t\t\t\tHizmetlerimizin ve ba\u015far\u0131lar\u0131m\u0131z\u0131n ard\u0131ndaki temel yakla\u015f\u0131m\t\t\t<\/h2>\n\n\n\t\t\n\t<\/div>\n<\/div>\t\t\t\t<\/div>\n\t\t\t\t<\/div>\n\t\t<div class=\"elementor-element elementor-element-a3a23ab e-con-full e-flex pxl-row-scroll-none pxl-column-none pxl-full-content-with-space-none e-con e-child\" data-id=\"a3a23ab\" data-element_type=\"container\" data-e-type=\"container\">\t\t<div class=\"elementor-element elementor-element-4b0c0b1 elementor-widget elementor-widget-pxl_text_editor\" data-id=\"4b0c0b1\" data-element_type=\"widget\" data-e-type=\"widget\" data-widget_type=\"pxl_text_editor.default\">\n\t\t\t\t<div class=\"elementor-widget-container\">\n\t\t\t\t\t<div class=\"pxl-text-editor default\">\n\t<div class=\"pxl-item--inner\" data-wow-delay=\"ms\">\n\t\t<p><strong data-start=\"135\" data-end=\"149\">Vizyonumuz<\/strong><br data-start=\"149\" data-end=\"152\" \/>Gayrimenkul sekt\u00f6r\u00fcnde g\u00fcven, \u015feffafl\u0131k ve profesyonellik denildi\u011finde ilk akla gelen markalardan biri olmak; s\u00fcrd\u00fcr\u00fclebilir b\u00fcy\u00fcme anlay\u0131\u015f\u0131yla hem yat\u0131r\u0131m hem ya\u015fam odakl\u0131 \u00e7\u00f6z\u00fcmler sunarak uzun vadeli de\u011fer \u00fcretmektir.<\/p>\t\t\n\t<\/div>\n<\/div>\t\t\t\t<\/div>\n\t\t\t\t<\/div>\n\t\t<div class=\"elementor-element elementor-element-41a8a5a e-con-full e-flex pxl-row-scroll-none pxl-column-none pxl-full-content-with-space-none e-con e-child\" data-id=\"41a8a5a\" data-element_type=\"container\" data-e-type=\"container\">\t\t<div class=\"elementor-element elementor-element-c66a2ce elementor-widget elementor-widget-pxl_image\" data-id=\"c66a2ce\" data-element_type=\"widget\" data-e-type=\"widget\" data-widget_type=\"pxl_image.default\">\n\t\t\t\t<div class=\"elementor-widget-container\">\n\t\t\t\t\t<div id=\"pxl_image-c66a2ce-5691\" class=\"pxl-image-single\" data-wow-delay=\"ms\"  >\r\n    <div class=\"pxl-item--inner\" data-wow-delay=\"120ms\">\r\n        \r\n                    <div class=\"pxl-item--image\" data-parallax-value=\"\">\r\n                                <img loading=\"lazy\" decoding=\"async\" class=\"no-lazyload\" src=\"https:\/\/ervaglobal.com\/wp-content\/uploads\/2025\/07\/img-1-abouus-900x600.webp\" width=\"900\" height=\"600\" alt=\"img-1-abouus\" title=\"img-1-abouus\" \/>                            <\/div>\r\n                \r\n    <\/div>\r\n<\/div>\t\t\t\t<\/div>\n\t\t\t\t<\/div>\n\t\t\t\t<div class=\"elementor-element elementor-element-17d1855 elementor-widget elementor-widget-pxl_image\" data-id=\"17d1855\" data-element_type=\"widget\" data-e-type=\"widget\" data-widget_type=\"pxl_image.default\">\n\t\t\t\t<div class=\"elementor-widget-container\">\n\t\t\t\t\t<div id=\"pxl_image-17d1855-8616\" class=\"pxl-image-single\" data-wow-delay=\"ms\"  >\r\n    <div class=\"pxl-item--inner\" data-wow-delay=\"120ms\">\r\n        \r\n                    <div class=\"pxl-item--image\" data-parallax-value=\"\">\r\n                                <img loading=\"lazy\" decoding=\"async\" class=\"no-lazyload\" src=\"https:\/\/ervaglobal.com\/wp-content\/uploads\/2025\/06\/img-folio-2-900x600.webp\" width=\"900\" height=\"600\" alt=\"img-folio-2\" title=\"img-folio-2\" \/>                            <\/div>\r\n                \r\n    <\/div>\r\n<\/div>\t\t\t\t<\/div>\n\t\t\t\t<\/div>\n\t\t\t\t<\/div>\r\n\t\t\t\t<div class=\"elementor-element elementor-element-f87148c elementor-widget elementor-widget-pxl_text_editor\" data-id=\"f87148c\" data-element_type=\"widget\" data-e-type=\"widget\" data-widget_type=\"pxl_text_editor.default\">\n\t\t\t\t<div class=\"elementor-widget-container\">\n\t\t\t\t\t<div class=\"pxl-text-editor default\">\n\t<div class=\"pxl-item--inner\" data-wow-delay=\"ms\">\n\t\t<p><strong data-start=\"373\" data-end=\"387\">Misyonumuz<\/strong><br data-start=\"387\" data-end=\"390\" \/>M\u00fc\u015fterilerimizin ihtiya\u00e7lar\u0131n\u0131 do\u011fru analiz ederek, en uygun proje ve yat\u0131r\u0131m f\u0131rsatlar\u0131n\u0131 titizlikle sunmak; s\u00fcrecin her a\u015famas\u0131nda planl\u0131, \u015feffaf ve sonu\u00e7 odakl\u0131 bir dan\u0131\u015fmanl\u0131k hizmeti sa\u011flamakt\u0131r.<\/p>\t\t\n\t<\/div>\n<\/div>\t\t\t\t<\/div>\n\t\t\t\t<\/div>\n\t\t\t\t<div class=\"elementor-element elementor-element-d6aae02 elementor-widget elementor-widget-pxl_text_editor\" data-id=\"d6aae02\" data-element_type=\"widget\" data-e-type=\"widget\" data-widget_type=\"pxl_text_editor.default\">\n\t\t\t\t<div class=\"elementor-widget-container\">\n\t\t\t\t\t<div class=\"pxl-text-editor default\">\n\t<div class=\"pxl-item--inner\" data-wow-delay=\"ms\">\n\t\t<p><strong data-start=\"592\" data-end=\"608\">Yakla\u015f\u0131m\u0131m\u0131z<\/strong><br data-start=\"608\" data-end=\"611\" \/>Erva Gayrimenkul olarak \u00f6nceli\u011fimiz hacim de\u011fil, do\u011fru e\u015fle\u015fmedir. Her i\u015f birli\u011fini uzun vadeli bir g\u00fcven ili\u015fkisi olarak g\u00f6r\u00fcr; disiplinli \u00e7al\u0131\u015fma anlay\u0131\u015f\u0131m\u0131z ve profesyonel bak\u0131\u015f a\u00e7\u0131m\u0131zla de\u011fer odakl\u0131 \u00e7\u00f6z\u00fcmler \u00fcretiriz.<\/p>\t\t\n\t<\/div>\n<\/div>\t\t\t\t<\/div>\n\t\t\t\t<\/div>\n\t\t<div class=\"elementor-element elementor-element-fed5174 e-con-full e-flex pxl-row-scroll-none pxl-column-none pxl-full-content-with-space-none e-con e-child\" data-id=\"fed5174\" data-element_type=\"container\" data-e-type=\"container\">\t\t<div class=\"elementor-element elementor-element-6e949ec elementor-widget elementor-widget-pxl_image\" data-id=\"6e949ec\" data-element_type=\"widget\" data-e-type=\"widget\" data-widget_type=\"pxl_image.default\">\n\t\t\t\t<div class=\"elementor-widget-container\">\n\t\t\t\t\t<div id=\"pxl_image-6e949ec-6997\" class=\"pxl-image-single\" data-wow-delay=\"ms\"  >\r\n    <div class=\"pxl-item--inner\" data-wow-delay=\"120ms\">\r\n        \r\n                    <div class=\"pxl-item--image\" data-parallax-value=\"\">\r\n                                <img loading=\"lazy\" decoding=\"async\" class=\"no-lazyload\" src=\"https:\/\/ervaglobal.com\/wp-content\/uploads\/2025\/07\/slide-img-h4-1-900x600.webp\" width=\"900\" height=\"600\" alt=\"slide-img-h4-1\" title=\"slide-img-h4-1\" \/>                            <\/div>\r\n                \r\n    <\/div>\r\n<\/div>\t\t\t\t<\/div>\n\t\t\t\t<\/div>\n\t\t\t\t<div class=\"elementor-element elementor-element-0d61bfc elementor-widget elementor-widget-pxl_image\" data-id=\"0d61bfc\" data-element_type=\"widget\" data-e-type=\"widget\" data-widget_type=\"pxl_image.default\">\n\t\t\t\t<div class=\"elementor-widget-container\">\n\t\t\t\t\t<div id=\"pxl_image-0d61bfc-4401\" class=\"pxl-image-single\" data-wow-delay=\"ms\"  >\r\n    <div class=\"pxl-item--inner\" data-wow-delay=\"120ms\">\r\n        \r\n                    <div class=\"pxl-item--image\" data-parallax-value=\"\">\r\n                                <img loading=\"lazy\" decoding=\"async\" class=\"no-lazyload\" src=\"https:\/\/ervaglobal.com\/wp-content\/uploads\/2025\/07\/work-h3-4-900x600.webp\" width=\"900\" height=\"600\" alt=\"work-h3-4\" title=\"work-h3-4\" \/>                            <\/div>\r\n                \r\n    <\/div>\r\n<\/div>\t\t\t\t<\/div>\n\t\t\t\t<\/div>\n\t\t\t\t<\/div>\r\n\t\t\t\t<\/div>\r\n\t\t\t\t<\/div>\r\n\t\t\t\t\t<\/div>\r\n\t\t\t\t<\/div>\r\n\t\t\t\t<\/div>","protected":false},"excerpt":{"rendered":"<p>Hakk\u0131m\u0131zda Do\u011fru projeleri do\u011fru al\u0131c\u0131larla bulu\u015fturarak s\u00fcreci g\u00fcvenle y\u00f6netiriz 1200+ M\u00fc\u015fteri Erva Global, sat\u0131\u015f ve yat\u0131r\u0131m s\u00fcre\u00e7lerinde profesyonel dan\u0131\u015fmanl\u0131k sunan bir gayrimenkul \u015firketidir. Ekibimiz \u0130le Tan\u0131\u015f\u0131n Misyon &amp; Vizyon Hizmetlerimizin ve ba\u015far\u0131lar\u0131m\u0131z\u0131n ard\u0131ndaki temel yakla\u015f\u0131m VizyonumuzGayrimenkul sekt\u00f6r\u00fcnde g\u00fcven, \u015feffafl\u0131k ve profesyonellik denildi\u011finde ilk akla gelen markalardan biri olmak; s\u00fcrd\u00fcr\u00fclebilir b\u00fcy\u00fcme anlay\u0131\u015f\u0131yla hem yat\u0131r\u0131m hem ya\u015fam [&hellip;]<\/p>\n","protected":false},"author":1,"featured_media":0,"parent":0,"menu_order":0,"comment_status":"closed","ping_status":"closed","template":"","meta":{"footnotes":""},"class_list":["post-2663","page","type-page","status-publish","hentry"],"yoast_head":"<!-- This site is optimized with the Yoast SEO plugin v27.2 - https:\/\/yoast.com\/product\/yoast-seo-wordpress\/ -->\n<title>Hakk\u0131m\u0131zda - ervaglobal.com<\/title>\n<meta name=\"robots\" content=\"index, follow, max-snippet:-1, max-image-preview:large, max-video-preview:-1\" \/>\n<link rel=\"canonical\" href=\"https:\/\/ervaglobal.com\/en\/hakkimizda\/\" \/>\n<meta property=\"og:locale\" content=\"en_US\" \/>\n<meta property=\"og:type\" content=\"article\" \/>\n<meta property=\"og:title\" content=\"Hakk\u0131m\u0131zda - ervaglobal.com\" \/>\n<meta property=\"og:description\" content=\"Hakk\u0131m\u0131zda Do\u011fru projeleri do\u011fru al\u0131c\u0131larla bulu\u015fturarak s\u00fcreci g\u00fcvenle y\u00f6netiriz 1200+ M\u00fc\u015fteri Erva Global, sat\u0131\u015f ve yat\u0131r\u0131m s\u00fcre\u00e7lerinde profesyonel dan\u0131\u015fmanl\u0131k sunan bir gayrimenkul \u015firketidir. Ekibimiz \u0130le Tan\u0131\u015f\u0131n Misyon &amp; Vizyon Hizmetlerimizin ve ba\u015far\u0131lar\u0131m\u0131z\u0131n ard\u0131ndaki temel yakla\u015f\u0131m VizyonumuzGayrimenkul sekt\u00f6r\u00fcnde g\u00fcven, \u015feffafl\u0131k ve profesyonellik denildi\u011finde ilk akla gelen markalardan biri olmak; s\u00fcrd\u00fcr\u00fclebilir b\u00fcy\u00fcme anlay\u0131\u015f\u0131yla hem yat\u0131r\u0131m hem ya\u015fam [&hellip;]\" \/>\n<meta property=\"og:url\" content=\"https:\/\/ervaglobal.com\/en\/hakkimizda\/\" \/>\n<meta property=\"og:site_name\" content=\"ervaglobal.com\" \/>\n<meta property=\"article:modified_time\" content=\"2026-02-25T07:29:47+00:00\" \/>\n<meta property=\"og:image\" content=\"https:\/\/ervaglobal.com\/wp-content\/uploads\/2025\/06\/img-folio-4-550x700.webp\" \/>\n<meta name=\"twitter:card\" content=\"summary_large_image\" \/>\n<meta name=\"twitter:label1\" content=\"Est. reading time\" \/>\n\t<meta name=\"twitter:data1\" content=\"1 minute\" \/>\n<script type=\"application\/ld+json\" class=\"yoast-schema-graph\">{\"@context\":\"https:\/\/schema.org\",\"@graph\":[{\"@type\":\"WebPage\",\"@id\":\"https:\/\/ervaglobal.com\/hakkimizda\/\",\"url\":\"https:\/\/ervaglobal.com\/hakkimizda\/\",\"name\":\"Hakk\u0131m\u0131zda - ervaglobal.com\",\"isPartOf\":{\"@id\":\"https:\/\/ervaglobal.com\/#website\"},\"primaryImageOfPage\":{\"@id\":\"https:\/\/ervaglobal.com\/hakkimizda\/#primaryimage\"},\"image\":{\"@id\":\"https:\/\/ervaglobal.com\/hakkimizda\/#primaryimage\"},\"thumbnailUrl\":\"https:\/\/ervaglobal.com\/wp-content\/uploads\/2025\/06\/img-folio-4-550x700.webp\",\"datePublished\":\"2025-07-17T02:40:19+00:00\",\"dateModified\":\"2026-02-25T07:29:47+00:00\",\"breadcrumb\":{\"@id\":\"https:\/\/ervaglobal.com\/hakkimizda\/#breadcrumb\"},\"inLanguage\":\"en-US\",\"potentialAction\":[{\"@type\":\"ReadAction\",\"target\":[\"https:\/\/ervaglobal.com\/hakkimizda\/\"]}]},{\"@type\":\"ImageObject\",\"inLanguage\":\"en-US\",\"@id\":\"https:\/\/ervaglobal.com\/hakkimizda\/#primaryimage\",\"url\":\"https:\/\/ervaglobal.com\/wp-content\/uploads\/2025\/06\/img-folio-4-550x700.webp\",\"contentUrl\":\"https:\/\/ervaglobal.com\/wp-content\/uploads\/2025\/06\/img-folio-4-550x700.webp\"},{\"@type\":\"BreadcrumbList\",\"@id\":\"https:\/\/ervaglobal.com\/hakkimizda\/#breadcrumb\",\"itemListElement\":[{\"@type\":\"ListItem\",\"position\":1,\"name\":\"Anasayfa\",\"item\":\"https:\/\/ervaglobal.com\/\"},{\"@type\":\"ListItem\",\"position\":2,\"name\":\"Hakk\u0131m\u0131zda\"}]},{\"@type\":\"WebSite\",\"@id\":\"https:\/\/ervaglobal.com\/#website\",\"url\":\"https:\/\/ervaglobal.com\/\",\"name\":\"ervaglobal.com\",\"description\":\"\",\"publisher\":{\"@id\":\"https:\/\/ervaglobal.com\/#organization\"},\"potentialAction\":[{\"@type\":\"SearchAction\",\"target\":{\"@type\":\"EntryPoint\",\"urlTemplate\":\"https:\/\/ervaglobal.com\/?s={search_term_string}\"},\"query-input\":{\"@type\":\"PropertyValueSpecification\",\"valueRequired\":true,\"valueName\":\"search_term_string\"}}],\"inLanguage\":\"en-US\"},{\"@type\":\"Organization\",\"@id\":\"https:\/\/ervaglobal.com\/#organization\",\"name\":\"ervaglobal.com\",\"url\":\"https:\/\/ervaglobal.com\/\",\"logo\":{\"@type\":\"ImageObject\",\"inLanguage\":\"en-US\",\"@id\":\"https:\/\/ervaglobal.com\/#\/schema\/logo\/image\/\",\"url\":\"https:\/\/ervaglobal.com\/wp-content\/uploads\/2026\/02\/Global-Mavi--e1770983721631.png\",\"contentUrl\":\"https:\/\/ervaglobal.com\/wp-content\/uploads\/2026\/02\/Global-Mavi--e1770983721631.png\",\"width\":1150,\"height\":354,\"caption\":\"ervaglobal.com\"},\"image\":{\"@id\":\"https:\/\/ervaglobal.com\/#\/schema\/logo\/image\/\"}}]}<\/script>\n<!-- \/ Yoast SEO plugin. -->","yoast_head_json":{"title":"Hakk\u0131m\u0131zda - ervaglobal.com","robots":{"index":"index","follow":"follow","max-snippet":"max-snippet:-1","max-image-preview":"max-image-preview:large","max-video-preview":"max-video-preview:-1"},"canonical":"https:\/\/ervaglobal.com\/en\/hakkimizda\/","og_locale":"en_US","og_type":"article","og_title":"Hakk\u0131m\u0131zda - ervaglobal.com","og_description":"Hakk\u0131m\u0131zda Do\u011fru projeleri do\u011fru al\u0131c\u0131larla bulu\u015fturarak s\u00fcreci g\u00fcvenle y\u00f6netiriz 1200+ M\u00fc\u015fteri Erva Global, sat\u0131\u015f ve yat\u0131r\u0131m s\u00fcre\u00e7lerinde profesyonel dan\u0131\u015fmanl\u0131k sunan bir gayrimenkul \u015firketidir. Ekibimiz \u0130le Tan\u0131\u015f\u0131n Misyon &amp; Vizyon Hizmetlerimizin ve ba\u015far\u0131lar\u0131m\u0131z\u0131n ard\u0131ndaki temel yakla\u015f\u0131m VizyonumuzGayrimenkul sekt\u00f6r\u00fcnde g\u00fcven, \u015feffafl\u0131k ve profesyonellik denildi\u011finde ilk akla gelen markalardan biri olmak; s\u00fcrd\u00fcr\u00fclebilir b\u00fcy\u00fcme anlay\u0131\u015f\u0131yla hem yat\u0131r\u0131m hem ya\u015fam [&hellip;]","og_url":"https:\/\/ervaglobal.com\/en\/hakkimizda\/","og_site_name":"ervaglobal.com","article_modified_time":"2026-02-25T07:29:47+00:00","og_image":[{"url":"https:\/\/ervaglobal.com\/wp-content\/uploads\/2025\/06\/img-folio-4-550x700.webp","type":"","width":"","height":""}],"twitter_card":"summary_large_image","twitter_misc":{"Est. reading time":"1 minute"},"schema":{"@context":"https:\/\/schema.org","@graph":[{"@type":"WebPage","@id":"https:\/\/ervaglobal.com\/hakkimizda\/","url":"https:\/\/ervaglobal.com\/hakkimizda\/","name":"Hakk\u0131m\u0131zda - ervaglobal.com","isPartOf":{"@id":"https:\/\/ervaglobal.com\/#website"},"primaryImageOfPage":{"@id":"https:\/\/ervaglobal.com\/hakkimizda\/#primaryimage"},"image":{"@id":"https:\/\/ervaglobal.com\/hakkimizda\/#primaryimage"},"thumbnailUrl":"https:\/\/ervaglobal.com\/wp-content\/uploads\/2025\/06\/img-folio-4-550x700.webp","datePublished":"2025-07-17T02:40:19+00:00","dateModified":"2026-02-25T07:29:47+00:00","breadcrumb":{"@id":"https:\/\/ervaglobal.com\/hakkimizda\/#breadcrumb"},"inLanguage":"en-US","potentialAction":[{"@type":"ReadAction","target":["https:\/\/ervaglobal.com\/hakkimizda\/"]}]},{"@type":"ImageObject","inLanguage":"en-US","@id":"https:\/\/ervaglobal.com\/hakkimizda\/#primaryimage","url":"https:\/\/ervaglobal.com\/wp-content\/uploads\/2025\/06\/img-folio-4-550x700.webp","contentUrl":"https:\/\/ervaglobal.com\/wp-content\/uploads\/2025\/06\/img-folio-4-550x700.webp"},{"@type":"BreadcrumbList","@id":"https:\/\/ervaglobal.com\/hakkimizda\/#breadcrumb","itemListElement":[{"@type":"ListItem","position":1,"name":"Anasayfa","item":"https:\/\/ervaglobal.com\/"},{"@type":"ListItem","position":2,"name":"Hakk\u0131m\u0131zda"}]},{"@type":"WebSite","@id":"https:\/\/ervaglobal.com\/#website","url":"https:\/\/ervaglobal.com\/","name":"ervaglobal.com","description":"","publisher":{"@id":"https:\/\/ervaglobal.com\/#organization"},"potentialAction":[{"@type":"SearchAction","target":{"@type":"EntryPoint","urlTemplate":"https:\/\/ervaglobal.com\/?s={search_term_string}"},"query-input":{"@type":"PropertyValueSpecification","valueRequired":true,"valueName":"search_term_string"}}],"inLanguage":"en-US"},{"@type":"Organization","@id":"https:\/\/ervaglobal.com\/#organization","name":"ervaglobal.com","url":"https:\/\/ervaglobal.com\/","logo":{"@type":"ImageObject","inLanguage":"en-US","@id":"https:\/\/ervaglobal.com\/#\/schema\/logo\/image\/","url":"https:\/\/ervaglobal.com\/wp-content\/uploads\/2026\/02\/Global-Mavi--e1770983721631.png","contentUrl":"https:\/\/ervaglobal.com\/wp-content\/uploads\/2026\/02\/Global-Mavi--e1770983721631.png","width":1150,"height":354,"caption":"ervaglobal.com"},"image":{"@id":"https:\/\/ervaglobal.com\/#\/schema\/logo\/image\/"}}]}},"_hostinger_reach_plugin_has_subscription_block":false,"_hostinger_reach_plugin_is_elementor":false,"_links":{"self":[{"href":"https:\/\/ervaglobal.com\/en\/wp-json\/wp\/v2\/pages\/2663","targetHints":{"allow":["GET"]}}],"collection":[{"href":"https:\/\/ervaglobal.com\/en\/wp-json\/wp\/v2\/pages"}],"about":[{"href":"https:\/\/ervaglobal.com\/en\/wp-json\/wp\/v2\/types\/page"}],"author":[{"embeddable":true,"href":"https:\/\/ervaglobal.com\/en\/wp-json\/wp\/v2\/users\/1"}],"replies":[{"embeddable":true,"href":"https:\/\/ervaglobal.com\/en\/wp-json\/wp\/v2\/comments?post=2663"}],"version-history":[{"count":28,"href":"https:\/\/ervaglobal.com\/en\/wp-json\/wp\/v2\/pages\/2663\/revisions"}],"predecessor-version":[{"id":6370,"href":"https:\/\/ervaglobal.com\/en\/wp-json\/wp\/v2\/pages\/2663\/revisions\/6370"}],"wp:attachment":[{"href":"https:\/\/ervaglobal.com\/en\/wp-json\/wp\/v2\/media?parent=2663"}],"curies":[{"name":"wp","href":"https:\/\/api.w.org\/{rel}","templated":true}]}}