{"id":3703,"date":"2025-07-25T15:04:45","date_gmt":"2025-07-25T08:04:45","guid":{"rendered":"https:\/\/onepack.casethemes.net\/?page_id=3703"},"modified":"2026-02-17T10:52:12","modified_gmt":"2026-02-17T10:52:12","slug":"iletisim","status":"publish","type":"page","link":"https:\/\/ervaglobal.com\/en\/iletisim\/","title":{"rendered":"Contact"},"content":{"rendered":"<div data-elementor-type=\"wp-page\" data-elementor-id=\"3703\" class=\"elementor elementor-3703\">\n\t\t\t\t<div class=\"elementor-element elementor-element-17f2dc8 e-flex e-con-boxed pxl-row-scroll-none pxl-column-none pxl-full-content-with-space-none e-con e-parent\" data-id=\"17f2dc8\" data-element_type=\"container\" data-e-type=\"container\">\t\t\t<div class=\"e-con-inner\">\r\n\t\t<div class=\"elementor-element elementor-element-e9c69d4 e-flex e-con-boxed pxl-row-scroll-none pxl-column-none pxl-full-content-with-space-none e-con e-child\" data-id=\"e9c69d4\" data-element_type=\"container\" data-e-type=\"container\">\t\t\t<div class=\"e-con-inner\">\r\n\t\t\t\t<div class=\"elementor-element elementor-element-c3b2c06 elementor-widget elementor-widget-google_maps\" data-id=\"c3b2c06\" data-element_type=\"widget\" data-e-type=\"widget\" data-widget_type=\"google_maps.default\">\n\t\t\t\t\t\t\t<div class=\"elementor-custom-embed\">\n\t\t\t<iframe loading=\"lazy\"\n\t\t\t\t\tsrc=\"https:\/\/maps.google.com\/maps?q=%20%20Beytepe%20Mah.%20Kanuni%20Sultan%20S%C3%BCleyman%20Bulv.%20Lotus%20Beytepe%20Sitesi%20No%3A27D-1%20%C3%87ankaya%20%2F%20Ankara&#038;t=m&#038;z=10&#038;output=embed&#038;iwloc=near\"\n\t\t\t\t\ttitle=\"  Beytepe Mah. Kanuni Sultan S\u00fcleyman Bulv. Lotus Beytepe Sitesi No:27D-1 \u00c7ankaya \/ Ankara\"\n\t\t\t\t\taria-label=\"  Beytepe Mah. Kanuni Sultan S\u00fcleyman Bulv. Lotus Beytepe Sitesi No:27D-1 \u00c7ankaya \/ Ankara\"\n\t\t\t><\/iframe>\n\t\t<\/div>\n\t\t\t\t\t\t<\/div>\n\t\t\t\t\t<\/div>\r\n\t\t\t\t<\/div>\r\n\t\t\t\t\t<\/div>\r\n\t\t\t\t<\/div>\r\n\t\t<div class=\"elementor-element elementor-element-ff092ca e-flex e-con-boxed pxl-row-scroll-none pxl-column-none pxl-full-content-with-space-none e-con e-parent\" data-id=\"ff092ca\" data-element_type=\"container\" data-e-type=\"container\" data-settings=\"{&quot;background_background&quot;:&quot;classic&quot;}\">\t\t\t<div class=\"e-con-inner\">\r\n\t\t<div class=\"elementor-element elementor-element-d4bc8a1 e-con-full e-flex pxl-row-scroll-none pxl-column-none pxl-full-content-with-space-none e-con e-child\" data-id=\"d4bc8a1\" data-element_type=\"container\" data-e-type=\"container\">\t\t<div class=\"elementor-element elementor-element-a9e76ee elementor-widget elementor-widget-pxl_heading\" data-id=\"a9e76ee\" data-element_type=\"widget\" data-e-type=\"widget\" data-widget_type=\"pxl_heading.default\">\n\t\t\t\t<div class=\"elementor-widget-container\">\n\t\t\t\t\t\n<div id=\"pxl-pxl_heading-a9e76ee-9532\" class=\"pxl-heading px-sub-title-default-style\">\n\t<div class=\"pxl-heading--inner\">\n\t\t\t\t\t<div class=\"pxl-item--subtitle px-sub-title-default\" data-wow-delay=\"ms\">\n\t\t\t\t<span class=\"pxl-item--subtext\">\n\t\t\t\t\t\t\t\t\t\tBizimle \u0130leti\u015fime Ge\u00e7iniz\t\t\t\t<\/span>\n\t\t\t<\/div>\n\t\t\n\t\t<h2 class=\"pxl-item--title style-default highlight-default\" data-wow-delay=\"ms\">\n\t\t\t\t\tAkl\u0131n\u0131zda bir proje mi var? Gelin birlikte hayata ge\u00e7irelim.\n\t\t\t<\/h2>\n\n\n\t\t\n\t<\/div>\n<\/div>\t\t\t\t<\/div>\n\t\t\t\t<\/div>\n\t\t<div class=\"elementor-element elementor-element-c581202 e-con-full e-flex pxl-row-scroll-none pxl-column-none pxl-full-content-with-space-none e-con e-child\" data-id=\"c581202\" data-element_type=\"container\" data-e-type=\"container\"><div class=\"elementor-element elementor-element-5e45db5 e-con-full e-flex pxl-row-scroll-none pxl-column-none pxl-full-content-with-space-none e-con e-child\" data-id=\"5e45db5\" data-element_type=\"container\" data-e-type=\"container\">\t\t<div class=\"elementor-element elementor-element-83c1b91 elementor-widget elementor-widget-pxl_heading\" data-id=\"83c1b91\" data-element_type=\"widget\" data-e-type=\"widget\" data-widget_type=\"pxl_heading.default\">\n\t\t\t\t<div class=\"elementor-widget-container\">\n\t\t\t\t\t\n<div id=\"pxl-pxl_heading-83c1b91-7674\" class=\"pxl-heading px-sub-title-default-style\">\n\t<div class=\"pxl-heading--inner\">\n\t\t\n\t\t<h5 class=\"pxl-item--title style-default highlight-default\" data-wow-delay=\"ms\">\n\t\t\t\t\tContact\t\t\t<\/h5>\n\n\n\t\t\n\t<\/div>\n<\/div>\t\t\t\t<\/div>\n\t\t\t\t<\/div>\n\t\t\t\t<div class=\"elementor-element elementor-element-71df946 elementor-widget__width-initial elementor-widget elementor-widget-pxl_link\" data-id=\"71df946\" data-element_type=\"widget\" data-e-type=\"widget\" data-widget_type=\"pxl_link.default\">\n\t\t\t\t<div class=\"elementor-widget-container\">\n\t\t\t\t\t<div class=\"pxl-link-wrap\">\r\n    <h3 class=\"pxl-widget-title pxl-empty\"><\/h3>\r\n            <ul id=\"pxl-link-pxl_link-71df946-2596\" class=\"pxl-link pxl-link-l1 style-default type-vertical\">\r\n                                <li class=\"pxl-item--link\">\r\n                        <a class=\"\" href=\"mailto:erva@cb.com.tr\">\r\n                                                        <span>erva@cb.com.tr<\/span>\r\n                                                    <\/a>\r\n                    <\/li>\r\n                                <li class=\"pxl-item--link\">\r\n                        <a class=\"\" href=\"tel:+903122367755\">\r\n                                                        <span>+90 312 236 77 55<\/span>\r\n                                                    <\/a>\r\n                    <\/li>\r\n                                <li class=\"pxl-item--link\">\r\n                        <a class=\"\" href=\"tel:+971567301903\">\r\n                                                        <span>+971 56 730 1903<\/span>\r\n                                                    <\/a>\r\n                    <\/li>\r\n                    <\/ul>\r\n    <\/div>\t\t\t\t<\/div>\n\t\t\t\t<\/div>\n\t\t\t\t<div class=\"elementor-element elementor-element-84a3899 elementor-widget__width-initial elementor-widget elementor-widget-pxl_link\" data-id=\"84a3899\" data-element_type=\"widget\" data-e-type=\"widget\" data-widget_type=\"pxl_link.default\">\n\t\t\t\t<div class=\"elementor-widget-container\">\n\t\t\t\t\t<div class=\"pxl-link-wrap\">\r\n    <h3 class=\"pxl-widget-title pxl-empty\"><\/h3>\r\n            <ul id=\"pxl-link-pxl_link-84a3899-6853\" class=\"pxl-link pxl-link-l1 style-default type-vertical\">\r\n                                <li class=\"pxl-item--link\">\r\n                        <a class=\"\" href=\"#\">\r\n                                                        <span>Ankara Ofis<\/span>\r\n                                                    <\/a>\r\n                    <\/li>\r\n                                <li class=\"pxl-item--link\">\r\n                        <a class=\"\" href=\"#\">\r\n                                                        <span> Beytepe Mah. Kanuni Sultan S\u00fcleyman Bulv. Lotus Beytepe Sitesi No:27D-1 \u00c7ankaya\/Ankara<\/span>\r\n                                                    <\/a>\r\n                    <\/li>\r\n                    <\/ul>\r\n    <\/div>\t\t\t\t<\/div>\n\t\t\t\t<\/div>\n\t\t\t\t<div class=\"elementor-element elementor-element-dfa23be elementor-widget__width-initial elementor-widget elementor-widget-pxl_link\" data-id=\"dfa23be\" data-element_type=\"widget\" data-e-type=\"widget\" data-widget_type=\"pxl_link.default\">\n\t\t\t\t<div class=\"elementor-widget-container\">\n\t\t\t\t\t<div class=\"pxl-link-wrap\">\r\n    <h3 class=\"pxl-widget-title pxl-empty\"><\/h3>\r\n            <ul id=\"pxl-link-pxl_link-dfa23be-8076\" class=\"pxl-link pxl-link-l1 style-default type-vertical\">\r\n                                <li class=\"pxl-item--link\">\r\n                        <a class=\"\" href=\"#\">\r\n                                                        <span>Dubai Ofis<\/span>\r\n                                                    <\/a>\r\n                    <\/li>\r\n                                <li class=\"pxl-item--link\">\r\n                        <a class=\"\" href=\"#\">\r\n                                                        <span>KHALED MOHAMMAD ABDULLA ALZAHED.   Hor Al Anz  No 739 Dubai, UAE<\/span>\r\n                                                    <\/a>\r\n                    <\/li>\r\n                    <\/ul>\r\n    <\/div>\t\t\t\t<\/div>\n\t\t\t\t<\/div>\n\t\t\t\t<div class=\"elementor-element elementor-element-e4c4918 elementor-widget__width-initial elementor-widget elementor-widget-pxl_link\" data-id=\"e4c4918\" data-element_type=\"widget\" data-e-type=\"widget\" data-widget_type=\"pxl_link.default\">\n\t\t\t\t<div class=\"elementor-widget-container\">\n\t\t\t\t\t<div class=\"pxl-link-wrap\">\r\n    <h3 class=\"pxl-widget-title pxl-empty\"><\/h3>\r\n            <ul id=\"pxl-link-pxl_link-e4c4918-1753\" class=\"pxl-link pxl-link-l1 style-default type-vertical\">\r\n                                <li class=\"pxl-item--link\">\r\n                        <a class=\"\" href=\"#\">\r\n                                                        <span>Pazartesi - Cumartesi<\/span>\r\n                                                    <\/a>\r\n                    <\/li>\r\n                                <li class=\"pxl-item--link\">\r\n                        <a class=\"\" href=\"#\">\r\n                                                        <span>09:00 - 18:00<\/span>\r\n                                                    <\/a>\r\n                    <\/li>\r\n                    <\/ul>\r\n    <\/div>\t\t\t\t<\/div>\n\t\t\t\t<\/div>\n\t\t\t\t<\/div>\r\n\t\t<div class=\"elementor-element elementor-element-28dd543 e-con-full e-flex pxl-row-scroll-none pxl-column-none pxl-full-content-with-space-none e-con e-child\" data-id=\"28dd543\" data-element_type=\"container\" data-e-type=\"container\">\t\t<div class=\"elementor-element elementor-element-806f196 elementor-widget elementor-widget-pxl_contact_form\" data-id=\"806f196\" data-element_type=\"widget\" data-e-type=\"widget\" data-widget_type=\"pxl_contact_form.default\">\n\t\t\t\t<div class=\"elementor-widget-container\">\n\t\t\t\t\t    <div class=\"pxl-contact-form pxl-contact-form1 btn-w-auto\" data-wow-delay=\"ms\">\r\n            \n<div class=\"wpcf7 no-js\" id=\"wpcf7-f5-o1\" lang=\"en-US\" dir=\"ltr\" data-wpcf7-id=\"5\">\n<div class=\"screen-reader-response\"><p role=\"status\" aria-live=\"polite\" aria-atomic=\"true\"><\/p> <ul><\/ul><\/div>\n<form action=\"\/en\/wp-json\/wp\/v2\/pages\/3703#wpcf7-f5-o1\" method=\"post\" class=\"wpcf7-form init\" aria-label=\"Contact form\" novalidate=\"novalidate\" data-status=\"init\" data-trp-original-action=\"\/en\/wp-json\/wp\/v2\/pages\/3703#wpcf7-f5-o1\">\n<fieldset class=\"hidden-fields-container\"><input type=\"hidden\" name=\"_wpcf7\" value=\"5\" \/><input type=\"hidden\" name=\"_wpcf7_version\" value=\"6.1.5\" \/><input type=\"hidden\" name=\"_wpcf7_locale\" value=\"en_US\" \/><input type=\"hidden\" name=\"_wpcf7_unit_tag\" value=\"wpcf7-f5-o1\" \/><input type=\"hidden\" name=\"_wpcf7_container_post\" value=\"0\" \/><input type=\"hidden\" name=\"_wpcf7_posted_data_hash\" value=\"\" \/>\n<\/fieldset>\n<div class=\"pxl-contact-form-1\">\n\t<div class=\"pxl-col\">\n\t\t<div class=\"pxl-col1\">\n\t\t\t<div class=\"pxl-full-name\">\n\t\t\t\t<p><span class=\"wpcf7-form-control-wrap\" data-name=\"text-610\"><input size=\"40\" maxlength=\"400\" class=\"wpcf7-form-control wpcf7-text wpcf7-validates-as-required\" aria-required=\"true\" aria-invalid=\"false\" placeholder=\"Ad\u0131n\u0131z **\" value=\"\" type=\"text\" name=\"text-610\" \/><\/span><br \/>\n<i aria-hidden=\"true\" class=\"fas fa-user\"><\/i>\n\t\t\t\t<\/p>\n\t\t\t<\/div>\n\t\t\t<div class=\"pxl-email\">\n\t\t\t\t<p><span class=\"wpcf7-form-control-wrap\" data-name=\"email-81\"><input size=\"40\" maxlength=\"400\" class=\"wpcf7-form-control wpcf7-email wpcf7-validates-as-required wpcf7-text wpcf7-validates-as-email\" aria-required=\"true\" aria-invalid=\"false\" placeholder=\"E-mail Adres **\" value=\"\" type=\"email\" name=\"email-81\" \/><\/span><br \/>\n<svg height=\"20\" fill=\"#000\" viewbox=\"0 0 24 24\" width=\"20\" xmlns=\"http:\/\/www.w3.org\/2000\/svg\" id=\"fi_17140026\"><path d=\"m22 8.608v8.142c0 1.733-1.3565 3.1492-3.0656 3.2449l-.1844.0051h-13.5c-1.73303 0-3.14925-1.3565-3.24486-3.0656l-.00514-.1844v-8.142l9.652 5.0564c.218.1141.478.1141.696 0zm-16.75-4.608h13.5c1.6847 0 3.0701 1.28191 3.2338 2.92355l-9.9838 5.22975-9.98381-5.22975c.15767-1.58084 1.44813-2.8281 3.0479-2.91832l.18591-.00523h13.5z\" ><\/path><\/svg>\n\t\t\t\t<\/p>\n\t\t\t<\/div>\n\t\t<\/div>\n\t\t<div class=\"pxl-col2\">\n\t\t\t<div class=\"pxl-subject\">\n\t\t\t\t<p><span class=\"wpcf7-form-control-wrap\" data-name=\"select-764\"><select class=\"wpcf7-form-control wpcf7-select wpcf7-validates-as-required\" aria-required=\"true\" aria-invalid=\"false\" name=\"select-764\"><option value=\"\">Konu Se\u00e7iniz **<\/option><option value=\"Kiral\u0131k\">Rent<\/option><option value=\"Sat\u0131l\u0131k\">Sat\u0131l\u0131k<\/option><option value=\"Yurt D\u0131\u015f\u0131\">Yurt D\u0131\u015f\u0131<\/option><\/select><\/span>\n\t\t\t\t<\/p>\n\t\t\t<\/div>\n\t\t\t<div class=\"pxl-tel\">\n\t\t\t\t<p><span class=\"wpcf7-form-control-wrap\" data-name=\"tel-244\"><input size=\"40\" maxlength=\"400\" class=\"wpcf7-form-control wpcf7-tel wpcf7-text wpcf7-validates-as-tel\" aria-invalid=\"false\" placeholder=\"Telefon Numaran\u0131z **\" value=\"\" type=\"tel\" name=\"tel-244\" \/><\/span><br \/>\n<i aria-hidden=\"true\" class=\"fas fa-user\"><\/i>\n\t\t\t\t<\/p>\n\t\t\t<\/div>\n\t\t<\/div>\n\t<\/div>\n\t<div class=\"pxl-message\">\n\t\t<p><span class=\"wpcf7-form-control-wrap\" data-name=\"textarea-555\"><textarea cols=\"40\" rows=\"10\" maxlength=\"2000\" class=\"wpcf7-form-control wpcf7-textarea wpcf7-validates-as-required\" aria-required=\"true\" aria-invalid=\"false\" placeholder=\"Mesaj\u0131n\u0131z **\" name=\"textarea-555\"><\/textarea><\/span><br \/>\n<i aria-hidden=\"true\" class=\"fas fa-pen\"><\/i>\n\t\t<\/p>\n\t<\/div>\n\t<div class=\"contact-submit\">\n\t\t<p><button class=\"btn button-contact\" type=\"submit\" data-animation=\"pxl-xspin\"><br \/>\nTalebi G\u00f6nder<br \/>\n<\/button>\n\t\t<\/p>\n\t<\/div>\n<\/div><div class=\"wpcf7-response-output\" aria-hidden=\"true\"><\/div>\n<input type=\"hidden\" name=\"trp-form-language\" value=\"en\"\/><\/form>\n<\/div>\n    <div id=\"qrcode\" class=\"hide-qr\"><\/div>\r\n<\/div>\r\n\t\t\t\t<\/div>\n\t\t\t\t<\/div>\n\t\t\t\t<\/div>\r\n\t\t\t\t<\/div>\r\n\t\t\t\t<\/div>\r\n\t\t\t\t\t<\/div>\r\n\t\t\t\t<\/div>\r\n\t\t\t\t<\/div>","protected":false},"excerpt":{"rendered":"<p>Bizimle \u0130leti\u015fime Ge\u00e7iniz Akl\u0131n\u0131zda bir proje mi var? Gelin birlikte hayata ge\u00e7irelim. \u0130leti\u015fim erva@cb.com.tr +90 312 236 77 55 +971 56 730 1903 Ankara Ofis Beytepe Mah. Kanuni Sultan S\u00fcleyman Bulv. Lotus Beytepe Sitesi No:27D-1 \u00c7ankaya\/Ankara Dubai Ofis KHALED MOHAMMAD ABDULLA ALZAHED. Hor Al Anz No 739 Dubai, UAE Pazartesi &#8211; Cumartesi 09:00 &#8211; 18:00 [&hellip;]<\/p>\n","protected":false},"author":1,"featured_media":0,"parent":0,"menu_order":0,"comment_status":"closed","ping_status":"closed","template":"","meta":{"footnotes":""},"class_list":["post-3703","page","type-page","status-publish","hentry"],"yoast_head":"<!-- This site is optimized with the Yoast SEO plugin v27.2 - https:\/\/yoast.com\/product\/yoast-seo-wordpress\/ -->\n<title>\u0130leti\u015fim - ervaglobal.com<\/title>\n<meta name=\"robots\" content=\"index, follow, max-snippet:-1, max-image-preview:large, max-video-preview:-1\" \/>\n<link rel=\"canonical\" href=\"https:\/\/ervaglobal.com\/en\/iletisim\/\" \/>\n<meta property=\"og:locale\" content=\"en_US\" \/>\n<meta property=\"og:type\" content=\"article\" \/>\n<meta property=\"og:title\" content=\"\u0130leti\u015fim - ervaglobal.com\" \/>\n<meta property=\"og:description\" content=\"Bizimle \u0130leti\u015fime Ge\u00e7iniz Akl\u0131n\u0131zda bir proje mi var? Gelin birlikte hayata ge\u00e7irelim. \u0130leti\u015fim erva@cb.com.tr +90 312 236 77 55 +971 56 730 1903 Ankara Ofis Beytepe Mah. Kanuni Sultan S\u00fcleyman Bulv. Lotus Beytepe Sitesi No:27D-1 \u00c7ankaya\/Ankara Dubai Ofis KHALED MOHAMMAD ABDULLA ALZAHED. Hor Al Anz No 739 Dubai, UAE Pazartesi &#8211; Cumartesi 09:00 &#8211; 18:00 [&hellip;]\" \/>\n<meta property=\"og:url\" content=\"https:\/\/ervaglobal.com\/en\/iletisim\/\" \/>\n<meta property=\"og:site_name\" content=\"ervaglobal.com\" \/>\n<meta property=\"article:modified_time\" content=\"2026-02-17T10:52:12+00:00\" \/>\n<meta name=\"twitter:card\" content=\"summary_large_image\" \/>\n<script type=\"application\/ld+json\" class=\"yoast-schema-graph\">{\"@context\":\"https:\/\/schema.org\",\"@graph\":[{\"@type\":\"WebPage\",\"@id\":\"https:\/\/ervaglobal.com\/iletisim\/\",\"url\":\"https:\/\/ervaglobal.com\/iletisim\/\",\"name\":\"\u0130leti\u015fim - ervaglobal.com\",\"isPartOf\":{\"@id\":\"https:\/\/ervaglobal.com\/#website\"},\"datePublished\":\"2025-07-25T08:04:45+00:00\",\"dateModified\":\"2026-02-17T10:52:12+00:00\",\"breadcrumb\":{\"@id\":\"https:\/\/ervaglobal.com\/iletisim\/#breadcrumb\"},\"inLanguage\":\"en-US\",\"potentialAction\":[{\"@type\":\"ReadAction\",\"target\":[\"https:\/\/ervaglobal.com\/iletisim\/\"]}]},{\"@type\":\"BreadcrumbList\",\"@id\":\"https:\/\/ervaglobal.com\/iletisim\/#breadcrumb\",\"itemListElement\":[{\"@type\":\"ListItem\",\"position\":1,\"name\":\"Anasayfa\",\"item\":\"https:\/\/ervaglobal.com\/\"},{\"@type\":\"ListItem\",\"position\":2,\"name\":\"\u0130leti\u015fim\"}]},{\"@type\":\"WebSite\",\"@id\":\"https:\/\/ervaglobal.com\/#website\",\"url\":\"https:\/\/ervaglobal.com\/\",\"name\":\"ervaglobal.com\",\"description\":\"\",\"publisher\":{\"@id\":\"https:\/\/ervaglobal.com\/#organization\"},\"potentialAction\":[{\"@type\":\"SearchAction\",\"target\":{\"@type\":\"EntryPoint\",\"urlTemplate\":\"https:\/\/ervaglobal.com\/?s={search_term_string}\"},\"query-input\":{\"@type\":\"PropertyValueSpecification\",\"valueRequired\":true,\"valueName\":\"search_term_string\"}}],\"inLanguage\":\"en-US\"},{\"@type\":\"Organization\",\"@id\":\"https:\/\/ervaglobal.com\/#organization\",\"name\":\"ervaglobal.com\",\"url\":\"https:\/\/ervaglobal.com\/\",\"logo\":{\"@type\":\"ImageObject\",\"inLanguage\":\"en-US\",\"@id\":\"https:\/\/ervaglobal.com\/#\/schema\/logo\/image\/\",\"url\":\"https:\/\/ervaglobal.com\/wp-content\/uploads\/2026\/02\/Global-Mavi--e1770983721631.png\",\"contentUrl\":\"https:\/\/ervaglobal.com\/wp-content\/uploads\/2026\/02\/Global-Mavi--e1770983721631.png\",\"width\":1150,\"height\":354,\"caption\":\"ervaglobal.com\"},\"image\":{\"@id\":\"https:\/\/ervaglobal.com\/#\/schema\/logo\/image\/\"}}]}<\/script>\n<!-- \/ Yoast SEO plugin. -->","yoast_head_json":{"title":"\u0130leti\u015fim - ervaglobal.com","robots":{"index":"index","follow":"follow","max-snippet":"max-snippet:-1","max-image-preview":"max-image-preview:large","max-video-preview":"max-video-preview:-1"},"canonical":"https:\/\/ervaglobal.com\/en\/iletisim\/","og_locale":"en_US","og_type":"article","og_title":"\u0130leti\u015fim - ervaglobal.com","og_description":"Bizimle \u0130leti\u015fime Ge\u00e7iniz Akl\u0131n\u0131zda bir proje mi var? Gelin birlikte hayata ge\u00e7irelim. \u0130leti\u015fim erva@cb.com.tr +90 312 236 77 55 +971 56 730 1903 Ankara Ofis Beytepe Mah. Kanuni Sultan S\u00fcleyman Bulv. Lotus Beytepe Sitesi No:27D-1 \u00c7ankaya\/Ankara Dubai Ofis KHALED MOHAMMAD ABDULLA ALZAHED. Hor Al Anz No 739 Dubai, UAE Pazartesi &#8211; Cumartesi 09:00 &#8211; 18:00 [&hellip;]","og_url":"https:\/\/ervaglobal.com\/en\/iletisim\/","og_site_name":"ervaglobal.com","article_modified_time":"2026-02-17T10:52:12+00:00","twitter_card":"summary_large_image","schema":{"@context":"https:\/\/schema.org","@graph":[{"@type":"WebPage","@id":"https:\/\/ervaglobal.com\/iletisim\/","url":"https:\/\/ervaglobal.com\/iletisim\/","name":"\u0130leti\u015fim - ervaglobal.com","isPartOf":{"@id":"https:\/\/ervaglobal.com\/#website"},"datePublished":"2025-07-25T08:04:45+00:00","dateModified":"2026-02-17T10:52:12+00:00","breadcrumb":{"@id":"https:\/\/ervaglobal.com\/iletisim\/#breadcrumb"},"inLanguage":"en-US","potentialAction":[{"@type":"ReadAction","target":["https:\/\/ervaglobal.com\/iletisim\/"]}]},{"@type":"BreadcrumbList","@id":"https:\/\/ervaglobal.com\/iletisim\/#breadcrumb","itemListElement":[{"@type":"ListItem","position":1,"name":"Anasayfa","item":"https:\/\/ervaglobal.com\/"},{"@type":"ListItem","position":2,"name":"\u0130leti\u015fim"}]},{"@type":"WebSite","@id":"https:\/\/ervaglobal.com\/#website","url":"https:\/\/ervaglobal.com\/","name":"ervaglobal.com","description":"","publisher":{"@id":"https:\/\/ervaglobal.com\/#organization"},"potentialAction":[{"@type":"SearchAction","target":{"@type":"EntryPoint","urlTemplate":"https:\/\/ervaglobal.com\/?s={search_term_string}"},"query-input":{"@type":"PropertyValueSpecification","valueRequired":true,"valueName":"search_term_string"}}],"inLanguage":"en-US"},{"@type":"Organization","@id":"https:\/\/ervaglobal.com\/#organization","name":"ervaglobal.com","url":"https:\/\/ervaglobal.com\/","logo":{"@type":"ImageObject","inLanguage":"en-US","@id":"https:\/\/ervaglobal.com\/#\/schema\/logo\/image\/","url":"https:\/\/ervaglobal.com\/wp-content\/uploads\/2026\/02\/Global-Mavi--e1770983721631.png","contentUrl":"https:\/\/ervaglobal.com\/wp-content\/uploads\/2026\/02\/Global-Mavi--e1770983721631.png","width":1150,"height":354,"caption":"ervaglobal.com"},"image":{"@id":"https:\/\/ervaglobal.com\/#\/schema\/logo\/image\/"}}]}},"_hostinger_reach_plugin_has_subscription_block":false,"_hostinger_reach_plugin_is_elementor":false,"_links":{"self":[{"href":"https:\/\/ervaglobal.com\/en\/wp-json\/wp\/v2\/pages\/3703","targetHints":{"allow":["GET"]}}],"collection":[{"href":"https:\/\/ervaglobal.com\/en\/wp-json\/wp\/v2\/pages"}],"about":[{"href":"https:\/\/ervaglobal.com\/en\/wp-json\/wp\/v2\/types\/page"}],"author":[{"embeddable":true,"href":"https:\/\/ervaglobal.com\/en\/wp-json\/wp\/v2\/users\/1"}],"replies":[{"embeddable":true,"href":"https:\/\/ervaglobal.com\/en\/wp-json\/wp\/v2\/comments?post=3703"}],"version-history":[{"count":7,"href":"https:\/\/ervaglobal.com\/en\/wp-json\/wp\/v2\/pages\/3703\/revisions"}],"predecessor-version":[{"id":6102,"href":"https:\/\/ervaglobal.com\/en\/wp-json\/wp\/v2\/pages\/3703\/revisions\/6102"}],"wp:attachment":[{"href":"https:\/\/ervaglobal.com\/en\/wp-json\/wp\/v2\/media?parent=3703"}],"curies":[{"name":"wp","href":"https:\/\/api.w.org\/{rel}","templated":true}]}}