{"id":3854,"date":"2025-07-29T14:12:07","date_gmt":"2025-07-29T07:12:07","guid":{"rendered":"https:\/\/onepack.casethemes.net\/?page_id=3854"},"modified":"2026-02-13T11:04:35","modified_gmt":"2026-02-13T11:04:35","slug":"ugur-aktas","status":"publish","type":"page","link":"https:\/\/ervaglobal.com\/en\/ekibimiz\/ugur-aktas\/","title":{"rendered":"U\u011fur Akta\u015f"},"content":{"rendered":"<div data-elementor-type=\"wp-page\" data-elementor-id=\"3854\" class=\"elementor elementor-3854\">\n\t\t\t\t<div class=\"elementor-element elementor-element-8a29e2b e-flex e-con-boxed pxl-row-scroll-none pxl-column-none pxl-full-content-with-space-none e-con e-parent\" data-id=\"8a29e2b\" data-element_type=\"container\" data-e-type=\"container\">\t\t\t<div class=\"e-con-inner\">\r\n\t\t<div class=\"elementor-element elementor-element-c658444 e-con-full e-flex pxl-row-scroll-none pxl-column-none pxl-full-content-with-space-none e-con e-child\" data-id=\"c658444\" data-element_type=\"container\" data-e-type=\"container\"><div class=\"elementor-element elementor-element-1894e05 e-con-full e-flex pxl-row-scroll-none pxl-column-none pxl-full-content-with-space-none e-con e-child\" data-id=\"1894e05\" data-element_type=\"container\" data-e-type=\"container\">\t\t<div class=\"elementor-element elementor-element-24c5b91 elementor-widget elementor-widget-pxl_team_grid\" data-id=\"24c5b91\" data-element_type=\"widget\" data-e-type=\"widget\" data-widget_type=\"pxl_team_grid.default\">\n\t\t\t\t<div class=\"elementor-widget-container\">\n\t\t\t\t\t<div class=\"pxl-grid pxl-team-grid pxl-team-grid1 pxl-team-layout1\" data-layout=\"masonry\">\r\n        <div class=\"pxl-grid-inner pxl-grid-masonry row\" data-gutter=\"15\">\r\n                    <div class=\"pxl-grid-item col-xl-12 col-lg-12 col-md-12 col-sm-12 col-12\">\r\n                <div class=\"pxl-item--inner\">\r\n                                            <div class=\"pxl-item--image\">\r\n                            <a >\r\n                                <img fetchpriority=\"high\" decoding=\"async\" width=\"295\" height=\"350\" src=\"https:\/\/ervaglobal.com\/wp-content\/uploads\/2026\/02\/UGUR-AKTAS-_ZQZK4BDT3W_295X350.jpeg\" class=\"no-lazyload attachment-full\" alt=\"\" \/>                            <\/a>\r\n                                                            <div class=\"pxl-social pxl-social-left\">\r\n                                                                                                                <a class=\"pxl-flex-center\" href=\"#\" target=\"_blank\"><i class=\"fab fa-facebook-f\"><\/i><\/a>\r\n                                                                            <a class=\"pxl-flex-center\" href=\"#\" target=\"_blank\"><i class=\"fab fa-linkedin\"><\/i><\/a>\r\n                                                                    <\/div>\r\n                                                        <div class=\"pxl-minus\"><\/div>\r\n                                                            <div class=\"pxl-social pxl-social-top\">\r\n                                                                                                                <a class=\"pxl-flex-center\" href=\"#\" target=\"_blank\"><i class=\"fab fa-instagram\"><\/i><\/a>\r\n                                                                            <a class=\"pxl-flex-center\" href=\"#\" target=\"_blank\"><i class=\"bootstrap-icons bi-youtube\"><\/i><\/a>\r\n                                                                    <\/div>\r\n                                                    <\/div>\r\n                                <div class=\"pxl-item--holder\">\r\n                  <a ><\/a>\r\n                  <div class=\"pxl-item--meta pxl-flex-grow\">\r\n                    <h4 class=\"pxl-item--title\">    \r\n                        <a >U\u011fur Akta\u015f<\/a>\r\n                    <\/h4>\r\n                    <div class=\"pxl-item--position\">Founder<\/div>\r\n                <\/div>\r\n            <\/div>\r\n        <\/div>\r\n    <\/div>\r\n<div class=\"grid-sizer col-xl-12 col-lg-12 col-md-12 col-sm-12 col-12\"><\/div>\r\n<\/div>\r\n<\/div>\r\n\t\t\t\t<\/div>\n\t\t\t\t<\/div>\n\t\t\t\t<\/div>\r\n\t\t<div class=\"elementor-element elementor-element-034b206 e-con-full e-flex pxl-row-scroll-none pxl-column-none pxl-full-content-with-space-none e-con e-child\" data-id=\"034b206\" data-element_type=\"container\" data-e-type=\"container\">\t\t<div class=\"elementor-element elementor-element-3689c54 elementor-widget elementor-widget-pxl_heading\" data-id=\"3689c54\" data-element_type=\"widget\" data-e-type=\"widget\" data-widget_type=\"pxl_heading.default\">\n\t\t\t\t<div class=\"elementor-widget-container\">\n\t\t\t\t\t\n<div id=\"pxl-pxl_heading-3689c54-5496\" class=\"pxl-heading px-sub-title-default-style\">\n\t<div class=\"pxl-heading--inner\">\n\t\t\n\t\t<h5 class=\"pxl-item--title style-default highlight-default\" data-wow-delay=\"ms\">\n\t\t\t\t\tHakk\u0131mda\t\t\t<\/h5>\n\n\n\t\t\n\t<\/div>\n<\/div>\t\t\t\t<\/div>\n\t\t\t\t<\/div>\n\t\t\t\t<div class=\"elementor-element elementor-element-892372e elementor-widget elementor-widget-pxl_text_editor\" data-id=\"892372e\" data-element_type=\"widget\" data-e-type=\"widget\" data-widget_type=\"pxl_text_editor.default\">\n\t\t\t\t<div class=\"elementor-widget-container\">\n\t\t\t\t\t<div class=\"pxl-text-editor default\">\n\t<div class=\"pxl-item--inner\" data-wow-delay=\"ms\">\n\t\t<p>Gazi \u00dcniversitesi Ekonometri b\u00f6l\u00fcm\u00fc mezunuyum. 6 y\u0131l s\u00fcren bankac\u0131l\u0131k kariyerimin ard\u0131ndan, 2010 y\u0131l\u0131nda Erva Grubu\u2019nun ilk \u015firketi olan sigorta firmam\u0131z\u0131 kurarak i\u015f d\u00fcnyas\u0131ndaki yerimi ald\u0131m. Sigorta sekt\u00f6r\u00fcnde ge\u00e7irdi\u011fimiz ba\u015far\u0131l\u0131 y\u0131llar boyunca edindi\u011fimiz g\u00fcvene dayal\u0131 m\u00fc\u015fteri portf\u00f6y\u00fc, Erva Grubu\u2019nun b\u00fcy\u00fcme s\u00fcrecinde sa\u011flam bir temel olu\u015fturdu.<\/p><p>2022 y\u0131l\u0131nda gayrimenkul sekt\u00f6r\u00fcne giri\u015f yaparak, grubumuzun faaliyet alanlar\u0131n\u0131 geni\u015flettik. Bug\u00fcn T\u00fcrkiye ba\u015fta olmak \u00fczere Dubai, \u0130ngiltere ve Yunanistan gibi uluslararas\u0131 pazarlarda ba\u015far\u0131l\u0131 gayrimenkul projelerine imza atmaya devam ediyoruz.<\/p><p>M\u00fc\u015fteri memnuniyetini, g\u00fcveni ve s\u00fcrd\u00fcr\u00fclebilir b\u00fcy\u00fcmeyi temel alan hizmet anlay\u0131\u015f\u0131m\u0131zla; hem sekt\u00f6re hem de i\u015f ortaklar\u0131m\u0131za de\u011fer katmay\u0131 s\u00fcrd\u00fcr\u00fcyoruz. Gelecekte de bu do\u011frultuda emin ad\u0131mlarla ilerlemeye kararl\u0131y\u0131z.<\/p>\t\t\n\t<\/div>\n<\/div>\t\t\t\t<\/div>\n\t\t\t\t<\/div>\n\t\t\t\t<div class=\"elementor-element elementor-element-0c130b6 elementor-widget elementor-widget-pxl_button\" data-id=\"0c130b6\" data-element_type=\"widget\" data-e-type=\"widget\" data-widget_type=\"pxl_button.default\">\n\t\t\t\t<div class=\"elementor-widget-container\">\n\t\t\t\t\t<div id=\"pxl-pxl_button-0c130b6-2887\" class=\"pxl-button pxl-atc-link\" data-wow-delay=\"ms\">\r\n    <a href=\"tel:+905325090710\" class=\"btn  btn-mask btn-mask1 btn-default  inline pxl-icon--left\" data-wow-delay=\"ms\" data-target=\".pxl-page-popup-template-0\">\r\n                                            <span class=\"pxl--btn-text\" data-text=\"\u0130leti\u015fime Ge\u00e7\">\r\n            Contact Us!        <\/span>\r\n            <\/a>\r\n<\/div>\t\t\t\t<\/div>\n\t\t\t\t<\/div>\n\t\t\t\t<\/div>\r\n\t\t\t\t<\/div>\r\n\t\t\t\t\t<\/div>\r\n\t\t\t\t<\/div>\r\n\t\t\t\t<\/div>","protected":false},"excerpt":{"rendered":"<p>U\u011fur Akta\u015f Kurucu Hakk\u0131mda Gazi \u00dcniversitesi Ekonometri b\u00f6l\u00fcm\u00fc mezunuyum. 6 y\u0131l s\u00fcren bankac\u0131l\u0131k kariyerimin ard\u0131ndan, 2010 y\u0131l\u0131nda Erva Grubu\u2019nun ilk \u015firketi olan sigorta firmam\u0131z\u0131 kurarak i\u015f d\u00fcnyas\u0131ndaki yerimi ald\u0131m. Sigorta sekt\u00f6r\u00fcnde ge\u00e7irdi\u011fimiz ba\u015far\u0131l\u0131 y\u0131llar boyunca edindi\u011fimiz g\u00fcvene dayal\u0131 m\u00fc\u015fteri portf\u00f6y\u00fc, Erva Grubu\u2019nun b\u00fcy\u00fcme s\u00fcrecinde sa\u011flam bir temel olu\u015fturdu. 2022 y\u0131l\u0131nda gayrimenkul sekt\u00f6r\u00fcne giri\u015f yaparak, grubumuzun [&hellip;]<\/p>\n","protected":false},"author":1,"featured_media":0,"parent":2763,"menu_order":0,"comment_status":"closed","ping_status":"closed","template":"","meta":{"footnotes":""},"class_list":["post-3854","page","type-page","status-publish","hentry"],"yoast_head":"<!-- This site is optimized with the Yoast SEO plugin v27.2 - https:\/\/yoast.com\/product\/yoast-seo-wordpress\/ -->\n<title>U\u011fur Akta\u015f - ervaglobal.com<\/title>\n<meta name=\"robots\" content=\"index, follow, max-snippet:-1, max-image-preview:large, max-video-preview:-1\" \/>\n<link rel=\"canonical\" href=\"https:\/\/ervaglobal.com\/en\/ekibimiz\/ugur-aktas\/\" \/>\n<meta property=\"og:locale\" content=\"en_US\" \/>\n<meta property=\"og:type\" content=\"article\" \/>\n<meta property=\"og:title\" content=\"U\u011fur Akta\u015f - ervaglobal.com\" \/>\n<meta property=\"og:description\" content=\"U\u011fur Akta\u015f Kurucu Hakk\u0131mda Gazi \u00dcniversitesi Ekonometri b\u00f6l\u00fcm\u00fc mezunuyum. 6 y\u0131l s\u00fcren bankac\u0131l\u0131k kariyerimin ard\u0131ndan, 2010 y\u0131l\u0131nda Erva Grubu\u2019nun ilk \u015firketi olan sigorta firmam\u0131z\u0131 kurarak i\u015f d\u00fcnyas\u0131ndaki yerimi ald\u0131m. Sigorta sekt\u00f6r\u00fcnde ge\u00e7irdi\u011fimiz ba\u015far\u0131l\u0131 y\u0131llar boyunca edindi\u011fimiz g\u00fcvene dayal\u0131 m\u00fc\u015fteri portf\u00f6y\u00fc, Erva Grubu\u2019nun b\u00fcy\u00fcme s\u00fcrecinde sa\u011flam bir temel olu\u015fturdu. 2022 y\u0131l\u0131nda gayrimenkul sekt\u00f6r\u00fcne giri\u015f yaparak, grubumuzun [&hellip;]\" \/>\n<meta property=\"og:url\" content=\"https:\/\/ervaglobal.com\/en\/ekibimiz\/ugur-aktas\/\" \/>\n<meta property=\"og:site_name\" content=\"ervaglobal.com\" \/>\n<meta property=\"article:modified_time\" content=\"2026-02-13T11:04:35+00:00\" \/>\n<meta property=\"og:image\" content=\"https:\/\/ervaglobal.com\/wp-content\/uploads\/2026\/02\/UGUR-AKTAS-_ZQZK4BDT3W_295X350.jpeg\" \/>\n<meta name=\"twitter:card\" content=\"summary_large_image\" \/>\n<meta name=\"twitter:label1\" content=\"Est. reading time\" \/>\n\t<meta name=\"twitter:data1\" content=\"1 minute\" \/>\n<script type=\"application\/ld+json\" class=\"yoast-schema-graph\">{\"@context\":\"https:\/\/schema.org\",\"@graph\":[{\"@type\":\"WebPage\",\"@id\":\"https:\/\/ervaglobal.com\/ekibimiz\/ugur-aktas\/\",\"url\":\"https:\/\/ervaglobal.com\/ekibimiz\/ugur-aktas\/\",\"name\":\"U\u011fur Akta\u015f - ervaglobal.com\",\"isPartOf\":{\"@id\":\"https:\/\/ervaglobal.com\/#website\"},\"primaryImageOfPage\":{\"@id\":\"https:\/\/ervaglobal.com\/ekibimiz\/ugur-aktas\/#primaryimage\"},\"image\":{\"@id\":\"https:\/\/ervaglobal.com\/ekibimiz\/ugur-aktas\/#primaryimage\"},\"thumbnailUrl\":\"https:\/\/ervaglobal.com\/wp-content\/uploads\/2026\/02\/UGUR-AKTAS-_ZQZK4BDT3W_295X350.jpeg\",\"datePublished\":\"2025-07-29T07:12:07+00:00\",\"dateModified\":\"2026-02-13T11:04:35+00:00\",\"breadcrumb\":{\"@id\":\"https:\/\/ervaglobal.com\/ekibimiz\/ugur-aktas\/#breadcrumb\"},\"inLanguage\":\"en-US\",\"potentialAction\":[{\"@type\":\"ReadAction\",\"target\":[\"https:\/\/ervaglobal.com\/ekibimiz\/ugur-aktas\/\"]}]},{\"@type\":\"ImageObject\",\"inLanguage\":\"en-US\",\"@id\":\"https:\/\/ervaglobal.com\/ekibimiz\/ugur-aktas\/#primaryimage\",\"url\":\"https:\/\/ervaglobal.com\/wp-content\/uploads\/2026\/02\/UGUR-AKTAS-_ZQZK4BDT3W_295X350.jpeg\",\"contentUrl\":\"https:\/\/ervaglobal.com\/wp-content\/uploads\/2026\/02\/UGUR-AKTAS-_ZQZK4BDT3W_295X350.jpeg\"},{\"@type\":\"BreadcrumbList\",\"@id\":\"https:\/\/ervaglobal.com\/ekibimiz\/ugur-aktas\/#breadcrumb\",\"itemListElement\":[{\"@type\":\"ListItem\",\"position\":1,\"name\":\"Anasayfa\",\"item\":\"https:\/\/ervaglobal.com\/\"},{\"@type\":\"ListItem\",\"position\":2,\"name\":\"Ekibimiz\",\"item\":\"https:\/\/ervaglobal.com\/ekibimiz\/\"},{\"@type\":\"ListItem\",\"position\":3,\"name\":\"U\u011fur Akta\u015f\"}]},{\"@type\":\"WebSite\",\"@id\":\"https:\/\/ervaglobal.com\/#website\",\"url\":\"https:\/\/ervaglobal.com\/\",\"name\":\"ervaglobal.com\",\"description\":\"\",\"publisher\":{\"@id\":\"https:\/\/ervaglobal.com\/#organization\"},\"potentialAction\":[{\"@type\":\"SearchAction\",\"target\":{\"@type\":\"EntryPoint\",\"urlTemplate\":\"https:\/\/ervaglobal.com\/?s={search_term_string}\"},\"query-input\":{\"@type\":\"PropertyValueSpecification\",\"valueRequired\":true,\"valueName\":\"search_term_string\"}}],\"inLanguage\":\"en-US\"},{\"@type\":\"Organization\",\"@id\":\"https:\/\/ervaglobal.com\/#organization\",\"name\":\"ervaglobal.com\",\"url\":\"https:\/\/ervaglobal.com\/\",\"logo\":{\"@type\":\"ImageObject\",\"inLanguage\":\"en-US\",\"@id\":\"https:\/\/ervaglobal.com\/#\/schema\/logo\/image\/\",\"url\":\"https:\/\/ervaglobal.com\/wp-content\/uploads\/2026\/02\/Global-Mavi--e1770983721631.png\",\"contentUrl\":\"https:\/\/ervaglobal.com\/wp-content\/uploads\/2026\/02\/Global-Mavi--e1770983721631.png\",\"width\":1150,\"height\":354,\"caption\":\"ervaglobal.com\"},\"image\":{\"@id\":\"https:\/\/ervaglobal.com\/#\/schema\/logo\/image\/\"}}]}<\/script>\n<!-- \/ Yoast SEO plugin. -->","yoast_head_json":{"title":"U\u011fur Akta\u015f - ervaglobal.com","robots":{"index":"index","follow":"follow","max-snippet":"max-snippet:-1","max-image-preview":"max-image-preview:large","max-video-preview":"max-video-preview:-1"},"canonical":"https:\/\/ervaglobal.com\/en\/ekibimiz\/ugur-aktas\/","og_locale":"en_US","og_type":"article","og_title":"U\u011fur Akta\u015f - ervaglobal.com","og_description":"U\u011fur Akta\u015f Kurucu Hakk\u0131mda Gazi \u00dcniversitesi Ekonometri b\u00f6l\u00fcm\u00fc mezunuyum. 6 y\u0131l s\u00fcren bankac\u0131l\u0131k kariyerimin ard\u0131ndan, 2010 y\u0131l\u0131nda Erva Grubu\u2019nun ilk \u015firketi olan sigorta firmam\u0131z\u0131 kurarak i\u015f d\u00fcnyas\u0131ndaki yerimi ald\u0131m. Sigorta sekt\u00f6r\u00fcnde ge\u00e7irdi\u011fimiz ba\u015far\u0131l\u0131 y\u0131llar boyunca edindi\u011fimiz g\u00fcvene dayal\u0131 m\u00fc\u015fteri portf\u00f6y\u00fc, Erva Grubu\u2019nun b\u00fcy\u00fcme s\u00fcrecinde sa\u011flam bir temel olu\u015fturdu. 2022 y\u0131l\u0131nda gayrimenkul sekt\u00f6r\u00fcne giri\u015f yaparak, grubumuzun [&hellip;]","og_url":"https:\/\/ervaglobal.com\/en\/ekibimiz\/ugur-aktas\/","og_site_name":"ervaglobal.com","article_modified_time":"2026-02-13T11:04:35+00:00","og_image":[{"url":"https:\/\/ervaglobal.com\/wp-content\/uploads\/2026\/02\/UGUR-AKTAS-_ZQZK4BDT3W_295X350.jpeg","type":"","width":"","height":""}],"twitter_card":"summary_large_image","twitter_misc":{"Est. reading time":"1 minute"},"schema":{"@context":"https:\/\/schema.org","@graph":[{"@type":"WebPage","@id":"https:\/\/ervaglobal.com\/ekibimiz\/ugur-aktas\/","url":"https:\/\/ervaglobal.com\/ekibimiz\/ugur-aktas\/","name":"U\u011fur Akta\u015f - ervaglobal.com","isPartOf":{"@id":"https:\/\/ervaglobal.com\/#website"},"primaryImageOfPage":{"@id":"https:\/\/ervaglobal.com\/ekibimiz\/ugur-aktas\/#primaryimage"},"image":{"@id":"https:\/\/ervaglobal.com\/ekibimiz\/ugur-aktas\/#primaryimage"},"thumbnailUrl":"https:\/\/ervaglobal.com\/wp-content\/uploads\/2026\/02\/UGUR-AKTAS-_ZQZK4BDT3W_295X350.jpeg","datePublished":"2025-07-29T07:12:07+00:00","dateModified":"2026-02-13T11:04:35+00:00","breadcrumb":{"@id":"https:\/\/ervaglobal.com\/ekibimiz\/ugur-aktas\/#breadcrumb"},"inLanguage":"en-US","potentialAction":[{"@type":"ReadAction","target":["https:\/\/ervaglobal.com\/ekibimiz\/ugur-aktas\/"]}]},{"@type":"ImageObject","inLanguage":"en-US","@id":"https:\/\/ervaglobal.com\/ekibimiz\/ugur-aktas\/#primaryimage","url":"https:\/\/ervaglobal.com\/wp-content\/uploads\/2026\/02\/UGUR-AKTAS-_ZQZK4BDT3W_295X350.jpeg","contentUrl":"https:\/\/ervaglobal.com\/wp-content\/uploads\/2026\/02\/UGUR-AKTAS-_ZQZK4BDT3W_295X350.jpeg"},{"@type":"BreadcrumbList","@id":"https:\/\/ervaglobal.com\/ekibimiz\/ugur-aktas\/#breadcrumb","itemListElement":[{"@type":"ListItem","position":1,"name":"Anasayfa","item":"https:\/\/ervaglobal.com\/"},{"@type":"ListItem","position":2,"name":"Ekibimiz","item":"https:\/\/ervaglobal.com\/ekibimiz\/"},{"@type":"ListItem","position":3,"name":"U\u011fur Akta\u015f"}]},{"@type":"WebSite","@id":"https:\/\/ervaglobal.com\/#website","url":"https:\/\/ervaglobal.com\/","name":"ervaglobal.com","description":"","publisher":{"@id":"https:\/\/ervaglobal.com\/#organization"},"potentialAction":[{"@type":"SearchAction","target":{"@type":"EntryPoint","urlTemplate":"https:\/\/ervaglobal.com\/?s={search_term_string}"},"query-input":{"@type":"PropertyValueSpecification","valueRequired":true,"valueName":"search_term_string"}}],"inLanguage":"en-US"},{"@type":"Organization","@id":"https:\/\/ervaglobal.com\/#organization","name":"ervaglobal.com","url":"https:\/\/ervaglobal.com\/","logo":{"@type":"ImageObject","inLanguage":"en-US","@id":"https:\/\/ervaglobal.com\/#\/schema\/logo\/image\/","url":"https:\/\/ervaglobal.com\/wp-content\/uploads\/2026\/02\/Global-Mavi--e1770983721631.png","contentUrl":"https:\/\/ervaglobal.com\/wp-content\/uploads\/2026\/02\/Global-Mavi--e1770983721631.png","width":1150,"height":354,"caption":"ervaglobal.com"},"image":{"@id":"https:\/\/ervaglobal.com\/#\/schema\/logo\/image\/"}}]}},"_hostinger_reach_plugin_has_subscription_block":false,"_hostinger_reach_plugin_is_elementor":false,"_links":{"self":[{"href":"https:\/\/ervaglobal.com\/en\/wp-json\/wp\/v2\/pages\/3854","targetHints":{"allow":["GET"]}}],"collection":[{"href":"https:\/\/ervaglobal.com\/en\/wp-json\/wp\/v2\/pages"}],"about":[{"href":"https:\/\/ervaglobal.com\/en\/wp-json\/wp\/v2\/types\/page"}],"author":[{"embeddable":true,"href":"https:\/\/ervaglobal.com\/en\/wp-json\/wp\/v2\/users\/1"}],"replies":[{"embeddable":true,"href":"https:\/\/ervaglobal.com\/en\/wp-json\/wp\/v2\/comments?post=3854"}],"version-history":[{"count":4,"href":"https:\/\/ervaglobal.com\/en\/wp-json\/wp\/v2\/pages\/3854\/revisions"}],"predecessor-version":[{"id":6024,"href":"https:\/\/ervaglobal.com\/en\/wp-json\/wp\/v2\/pages\/3854\/revisions\/6024"}],"up":[{"embeddable":true,"href":"https:\/\/ervaglobal.com\/en\/wp-json\/wp\/v2\/pages\/2763"}],"wp:attachment":[{"href":"https:\/\/ervaglobal.com\/en\/wp-json\/wp\/v2\/media?parent=3854"}],"curies":[{"name":"wp","href":"https:\/\/api.w.org\/{rel}","templated":true}]}}