{"id":6301,"date":"2026-02-19T08:43:22","date_gmt":"2026-02-19T08:43:22","guid":{"rendered":"https:\/\/ervaglobal.com\/?page_id=6301"},"modified":"2026-02-23T07:14:45","modified_gmt":"2026-02-23T07:14:45","slug":"yunanistan","status":"publish","type":"page","link":"https:\/\/ervaglobal.com\/en\/yurt-disi-gayrimenkul\/yunanistan\/","title":{"rendered":"Greece"},"content":{"rendered":"<div data-elementor-type=\"wp-page\" data-elementor-id=\"6301\" class=\"elementor elementor-6301\">\n\t\t\t\t<div class=\"elementor-element elementor-element-3e940426 pxl-column-sticky e-flex e-con-boxed pxl-row-scroll-none pxl-full-content-with-space-none e-con e-child\" data-id=\"3e940426\" data-element_type=\"container\" data-e-type=\"container\" data-settings=\"{&quot;background_background&quot;:&quot;classic&quot;}\">\t\t\t<div class=\"e-con-inner\">\r\n\t\t<div class=\"elementor-element elementor-element-6f4d5ef0 e-flex e-con-boxed pxl-row-scroll-none pxl-column-none pxl-full-content-with-space-none e-con e-child\" data-id=\"6f4d5ef0\" data-element_type=\"container\" data-e-type=\"container\" data-settings=\"{&quot;background_background&quot;:&quot;classic&quot;}\">\t\t\t<div class=\"e-con-inner\">\r\n\t\t<div class=\"elementor-element elementor-element-1d8d6e70 e-con-full e-flex pxl-row-scroll-none pxl-column-none pxl-full-content-with-space-none e-con e-child\" data-id=\"1d8d6e70\" data-element_type=\"container\" data-e-type=\"container\" data-settings=\"{&quot;background_background&quot;:&quot;classic&quot;}\">\t\t<div class=\"elementor-element elementor-element-2dfb59c1 elementor-invisible elementor-widget elementor-widget-pxl_heading\" data-id=\"2dfb59c1\" data-element_type=\"widget\" data-e-type=\"widget\" data-settings=\"{&quot;_animation&quot;:&quot;fadeInLeft&quot;,&quot;_animation_delay&quot;:300}\" data-widget_type=\"pxl_heading.default\">\n\t\t\t\t<div class=\"elementor-widget-container\">\n\t\t\t\t\t\n<div id=\"pxl-pxl_heading-2dfb59c1-7188\" class=\"pxl-heading px-sub-title-default-style\">\n\t<div class=\"pxl-heading--inner\">\n\t\t\n\t\t<h4 class=\"pxl-item--title style-default highlight-default\" data-wow-delay=\"ms\">\n\t\t\t\t\tOliville Halkidiki\t\t\t<\/h4>\n\n\n\t\t\n\t<\/div>\n<\/div>\t\t\t\t<\/div>\n\t\t\t\t<\/div>\n\t\t\t\t<div class=\"elementor-element elementor-element-3ed4cbe9 elementor-invisible elementor-widget elementor-widget-pxl_text_editor\" data-id=\"3ed4cbe9\" data-element_type=\"widget\" data-e-type=\"widget\" data-settings=\"{&quot;_animation&quot;:&quot;fadeInLeft&quot;,&quot;_animation_delay&quot;:300}\" data-widget_type=\"pxl_text_editor.default\">\n\t\t\t\t<div class=\"elementor-widget-container\">\n\t\t\t\t\t<div class=\"pxl-text-editor default\">\n\t<div class=\"pxl-item--inner\" data-wow-delay=\"ms\">\n\t\t<div class=\"split-unit lqd-lines lqd-unit-animation-done\">\n<p class=\"p1\"><i>Yunanistan&#8217;\u0131n kuzeyinde, \u2018u\u0308\u00e7 parmak&#8217; \u0219eklindeki e\u0219siz <\/i><i>co\u011frafyas\u0131yla Ege&#8217;ye uzanan Halkidiki, sadece bir tatil <\/i><i>destinasyonu olman\u0131n \u00f6tesinde, zengin ku\u0308ltu\u0308ru\u0308, do\u011fal <\/i><i>gu\u0308zellikleri ve stratejik konumuyla dikkat \u00e7ekiyor. <\/i><i>B\u00f6lgenin artan popu\u0308laritesi, onu gayrimenkul <\/i><i>yat\u0131r\u0131mc\u0131lar\u0131 i\u00e7in en cazip rotalardan <\/i><i>biri haline getiriyor.<\/i><\/p>\n<\/div>\t\t\n\t<\/div>\n<\/div>\t\t\t\t<\/div>\n\t\t\t\t<\/div>\n\t\t\t\t<div class=\"elementor-element elementor-element-35a459b elementor-widget elementor-widget-pxl_button\" data-id=\"35a459b\" data-element_type=\"widget\" data-e-type=\"widget\" data-widget_type=\"pxl_button.default\">\n\t\t\t\t<div class=\"elementor-widget-container\">\n\t\t\t\t\t<div id=\"pxl-pxl_button-35a459b-7908\" class=\"pxl-button pxl-atc-link\" data-wow-delay=\"ms\">\r\n    <a href=\"https:\/\/ervaglobal.com\/en\/iletisim\/\" class=\"btn   btn-default  inline pxl-icon--left\" data-wow-delay=\"ms\" data-target=\".pxl-page-popup-template-0\">\r\n                                            <span class=\"pxl--btn-text\" data-text=\"Ke\u015ffet\">\r\n            Details        <\/span>\r\n            <\/a>\r\n<\/div>\t\t\t\t<\/div>\n\t\t\t\t<\/div>\n\t\t<div class=\"elementor-element elementor-element-67042bed e-con-full e-flex pxl-row-scroll-none pxl-column-none pxl-full-content-with-space-none elementor-invisible e-con e-child\" data-id=\"67042bed\" data-element_type=\"container\" data-e-type=\"container\" data-settings=\"{&quot;animation&quot;:&quot;fadeInLeft&quot;,&quot;animation_delay&quot;:300}\">\t\t<div class=\"elementor-element elementor-element-3aa5e3d5 elementor-widget elementor-widget-pxl_icon_box\" data-id=\"3aa5e3d5\" data-element_type=\"widget\" data-e-type=\"widget\" data-widget_type=\"pxl_icon_box.default\">\n\t\t\t\t<div class=\"elementor-widget-container\">\n\t\t\t\t\t<div class=\"pxl-icon-box pxl-icon-box1 style-1 ani1\" data-wow-delay=\"ms\">\r\n    <div class=\"pxl-item--inner\">\r\n        \r\n                    <div class=\"pxl-item--icon pxl-flex-center\">\r\n                \r\n                <i aria-hidden=\"true\" class=\"fas fa-th\"><\/i>\r\n                            <\/div>\r\n        \r\n                <div class=\"pxl-item--meta\">\r\n            <h5 class=\"pxl-item--title el-empty\">\r\n                <a >Ege Yap\u0131<\/a>\r\n            <\/h5>\r\n            <div class=\"pxl-item--description el-empty\"><a style=\"color: inherit\" ><\/a><\/div>\r\n        <\/div>\r\n    <\/div>\r\n<\/div>\t\t\t\t<\/div>\n\t\t\t\t<\/div>\n\t\t\t\t<div class=\"elementor-element elementor-element-437c0be6 elementor-widget elementor-widget-pxl_icon_box\" data-id=\"437c0be6\" data-element_type=\"widget\" data-e-type=\"widget\" data-widget_type=\"pxl_icon_box.default\">\n\t\t\t\t<div class=\"elementor-widget-container\">\n\t\t\t\t\t<div class=\"pxl-icon-box pxl-icon-box1 style-1 ani1\" data-wow-delay=\"ms\">\r\n    <div class=\"pxl-item--inner\">\r\n        \r\n                    <div class=\"pxl-item--icon pxl-flex-center\">\r\n                \r\n                <i aria-hidden=\"true\" class=\"fas fa-bell\"><\/i>\r\n                            <\/div>\r\n        \r\n                <div class=\"pxl-item--meta\">\r\n            <h5 class=\"pxl-item--title el-empty\">\r\n                <a >Greece<\/a>\r\n            <\/h5>\r\n            <div class=\"pxl-item--description el-empty\"><a style=\"color: inherit\" ><\/a><\/div>\r\n        <\/div>\r\n    <\/div>\r\n<\/div>\t\t\t\t<\/div>\n\t\t\t\t<\/div>\n\t\t\t\t<div class=\"elementor-element elementor-element-21d72505 elementor-widget elementor-widget-pxl_icon_box\" data-id=\"21d72505\" data-element_type=\"widget\" data-e-type=\"widget\" data-widget_type=\"pxl_icon_box.default\">\n\t\t\t\t<div class=\"elementor-widget-container\">\n\t\t\t\t\t<div class=\"pxl-icon-box pxl-icon-box1 style-1 ani1\" data-wow-delay=\"ms\">\r\n    <div class=\"pxl-item--inner\">\r\n        \r\n                    <div class=\"pxl-item--icon pxl-flex-center\">\r\n                \r\n                <i aria-hidden=\"true\" class=\"fas fa-brush\"><\/i>\r\n                            <\/div>\r\n        \r\n                <div class=\"pxl-item--meta\">\r\n            <h5 class=\"pxl-item--title el-empty\">\r\n                <a >Golden Visa<\/a>\r\n            <\/h5>\r\n            <div class=\"pxl-item--description el-empty\"><a style=\"color: inherit\" ><\/a><\/div>\r\n        <\/div>\r\n    <\/div>\r\n<\/div>\t\t\t\t<\/div>\n\t\t\t\t<\/div>\n\t\t\t\t<\/div>\r\n\t\t\t\t<\/div>\r\n\t\t<div class=\"elementor-element elementor-element-4d4599 e-con-full e-flex pxl-row-scroll-none pxl-column-none pxl-full-content-with-space-none e-con e-child\" data-id=\"4d4599\" data-element_type=\"container\" data-e-type=\"container\" data-settings=\"{&quot;background_background&quot;:&quot;classic&quot;}\">\t\t<div class=\"elementor-element elementor-element-3a8ba9e9 elementor-widget elementor-widget-pxl_image\" data-id=\"3a8ba9e9\" data-element_type=\"widget\" data-e-type=\"widget\" data-widget_type=\"pxl_image.default\">\n\t\t\t\t<div class=\"elementor-widget-container\">\n\t\t\t\t\t<div id=\"pxl_image-3a8ba9e9-7929\" class=\"pxl-image-single     blinds_staggered\" data-wow-delay=\"300ms\"  >\r\n    <div class=\"pxl-item--inner\" data-wow-delay=\"120ms\">\r\n        \r\n                    <div class=\"pxl-item--image\" data-parallax-value=\"\">\r\n                                <img fetchpriority=\"high\" decoding=\"async\" width=\"2231\" height=\"1254\" src=\"https:\/\/ervaglobal.com\/wp-content\/uploads\/2026\/02\/Render03_Ikili-Blok.jpg\" class=\"no-lazyload attachment-full\" alt=\"\" \/>                            <\/div>\r\n                \r\n    <\/div>\r\n<\/div>\t\t\t\t<\/div>\n\t\t\t\t<\/div>\n\t\t\t\t<\/div>\r\n\t\t\t\t\t<\/div>\r\n\t\t\t\t<\/div>\r\n\t\t\t\t\t<\/div>\r\n\t\t\t\t<\/div>\r\n\t\t\t\t<\/div>","protected":false},"excerpt":{"rendered":"<p>Oliville Halkidiki Yunanistan&#8217;\u0131n kuzeyinde, \u2018u\u0308\u00e7 parmak&#8217; \u0219eklindeki e\u0219siz co\u011frafyas\u0131yla Ege&#8217;ye uzanan Halkidiki, sadece bir tatil destinasyonu olman\u0131n \u00f6tesinde, zengin ku\u0308ltu\u0308ru\u0308, do\u011fal gu\u0308zellikleri ve stratejik konumuyla dikkat \u00e7ekiyor. B\u00f6lgenin artan popu\u0308laritesi, onu gayrimenkul yat\u0131r\u0131mc\u0131lar\u0131 i\u00e7in en cazip rotalardan biri haline getiriyor. Ke\u015ffet Ege Yap\u0131 Yunanistan Golden Visa<\/p>","protected":false},"author":1,"featured_media":0,"parent":6252,"menu_order":0,"comment_status":"closed","ping_status":"closed","template":"","meta":{"footnotes":""},"class_list":["post-6301","page","type-page","status-publish","hentry"],"yoast_head":"<!-- This site is optimized with the Yoast SEO plugin v27.2 - https:\/\/yoast.com\/product\/yoast-seo-wordpress\/ -->\n<title>Yunanistan - ervaglobal.com<\/title>\n<meta name=\"robots\" content=\"index, follow, max-snippet:-1, max-image-preview:large, max-video-preview:-1\" \/>\n<link rel=\"canonical\" href=\"https:\/\/ervaglobal.com\/en\/yurt-disi-gayrimenkul\/yunanistan\/\" \/>\n<meta property=\"og:locale\" content=\"en_US\" \/>\n<meta property=\"og:type\" content=\"article\" \/>\n<meta property=\"og:title\" content=\"Yunanistan - ervaglobal.com\" \/>\n<meta property=\"og:description\" content=\"Oliville Halkidiki Yunanistan&#8217;\u0131n kuzeyinde, \u2018u\u0308\u00e7 parmak&#8217; \u0219eklindeki e\u0219siz co\u011frafyas\u0131yla Ege&#8217;ye uzanan Halkidiki, sadece bir tatil destinasyonu olman\u0131n \u00f6tesinde, zengin ku\u0308ltu\u0308ru\u0308, do\u011fal gu\u0308zellikleri ve stratejik konumuyla dikkat \u00e7ekiyor. B\u00f6lgenin artan popu\u0308laritesi, onu gayrimenkul yat\u0131r\u0131mc\u0131lar\u0131 i\u00e7in en cazip rotalardan biri haline getiriyor. Ke\u015ffet Ege Yap\u0131 Yunanistan Golden Visa\" \/>\n<meta property=\"og:url\" content=\"https:\/\/ervaglobal.com\/en\/yurt-disi-gayrimenkul\/yunanistan\/\" \/>\n<meta property=\"og:site_name\" content=\"ervaglobal.com\" \/>\n<meta property=\"article:modified_time\" content=\"2026-02-23T07:14:45+00:00\" \/>\n<meta property=\"og:image\" content=\"https:\/\/ervaglobal.com\/wp-content\/uploads\/2026\/02\/Render03_Ikili-Blok.jpg\" \/>\n<meta name=\"twitter:card\" content=\"summary_large_image\" \/>\n<script type=\"application\/ld+json\" class=\"yoast-schema-graph\">{\"@context\":\"https:\/\/schema.org\",\"@graph\":[{\"@type\":\"WebPage\",\"@id\":\"https:\/\/ervaglobal.com\/yurt-disi-gayrimenkul\/yunanistan\/\",\"url\":\"https:\/\/ervaglobal.com\/yurt-disi-gayrimenkul\/yunanistan\/\",\"name\":\"Yunanistan - ervaglobal.com\",\"isPartOf\":{\"@id\":\"https:\/\/ervaglobal.com\/#website\"},\"primaryImageOfPage\":{\"@id\":\"https:\/\/ervaglobal.com\/yurt-disi-gayrimenkul\/yunanistan\/#primaryimage\"},\"image\":{\"@id\":\"https:\/\/ervaglobal.com\/yurt-disi-gayrimenkul\/yunanistan\/#primaryimage\"},\"thumbnailUrl\":\"https:\/\/ervaglobal.com\/wp-content\/uploads\/2026\/02\/Render03_Ikili-Blok.jpg\",\"datePublished\":\"2026-02-19T08:43:22+00:00\",\"dateModified\":\"2026-02-23T07:14:45+00:00\",\"breadcrumb\":{\"@id\":\"https:\/\/ervaglobal.com\/yurt-disi-gayrimenkul\/yunanistan\/#breadcrumb\"},\"inLanguage\":\"en-US\",\"potentialAction\":[{\"@type\":\"ReadAction\",\"target\":[\"https:\/\/ervaglobal.com\/yurt-disi-gayrimenkul\/yunanistan\/\"]}]},{\"@type\":\"ImageObject\",\"inLanguage\":\"en-US\",\"@id\":\"https:\/\/ervaglobal.com\/yurt-disi-gayrimenkul\/yunanistan\/#primaryimage\",\"url\":\"https:\/\/ervaglobal.com\/wp-content\/uploads\/2026\/02\/Render03_Ikili-Blok.jpg\",\"contentUrl\":\"https:\/\/ervaglobal.com\/wp-content\/uploads\/2026\/02\/Render03_Ikili-Blok.jpg\"},{\"@type\":\"BreadcrumbList\",\"@id\":\"https:\/\/ervaglobal.com\/yurt-disi-gayrimenkul\/yunanistan\/#breadcrumb\",\"itemListElement\":[{\"@type\":\"ListItem\",\"position\":1,\"name\":\"Anasayfa\",\"item\":\"https:\/\/ervaglobal.com\/\"},{\"@type\":\"ListItem\",\"position\":2,\"name\":\"Yurt D\u0131\u015f\u0131 Gayrimenkul\",\"item\":\"https:\/\/ervaglobal.com\/yurt-disi-gayrimenkul\/\"},{\"@type\":\"ListItem\",\"position\":3,\"name\":\"Yunanistan\"}]},{\"@type\":\"WebSite\",\"@id\":\"https:\/\/ervaglobal.com\/#website\",\"url\":\"https:\/\/ervaglobal.com\/\",\"name\":\"ervaglobal.com\",\"description\":\"\",\"publisher\":{\"@id\":\"https:\/\/ervaglobal.com\/#organization\"},\"potentialAction\":[{\"@type\":\"SearchAction\",\"target\":{\"@type\":\"EntryPoint\",\"urlTemplate\":\"https:\/\/ervaglobal.com\/?s={search_term_string}\"},\"query-input\":{\"@type\":\"PropertyValueSpecification\",\"valueRequired\":true,\"valueName\":\"search_term_string\"}}],\"inLanguage\":\"en-US\"},{\"@type\":\"Organization\",\"@id\":\"https:\/\/ervaglobal.com\/#organization\",\"name\":\"ervaglobal.com\",\"url\":\"https:\/\/ervaglobal.com\/\",\"logo\":{\"@type\":\"ImageObject\",\"inLanguage\":\"en-US\",\"@id\":\"https:\/\/ervaglobal.com\/#\/schema\/logo\/image\/\",\"url\":\"https:\/\/ervaglobal.com\/wp-content\/uploads\/2026\/02\/Global-Mavi--e1770983721631.png\",\"contentUrl\":\"https:\/\/ervaglobal.com\/wp-content\/uploads\/2026\/02\/Global-Mavi--e1770983721631.png\",\"width\":1150,\"height\":354,\"caption\":\"ervaglobal.com\"},\"image\":{\"@id\":\"https:\/\/ervaglobal.com\/#\/schema\/logo\/image\/\"}}]}<\/script>\n<!-- \/ Yoast SEO plugin. -->","yoast_head_json":{"title":"Yunanistan - ervaglobal.com","robots":{"index":"index","follow":"follow","max-snippet":"max-snippet:-1","max-image-preview":"max-image-preview:large","max-video-preview":"max-video-preview:-1"},"canonical":"https:\/\/ervaglobal.com\/en\/yurt-disi-gayrimenkul\/yunanistan\/","og_locale":"en_US","og_type":"article","og_title":"Yunanistan - ervaglobal.com","og_description":"Oliville Halkidiki Yunanistan&#8217;\u0131n kuzeyinde, \u2018u\u0308\u00e7 parmak&#8217; \u0219eklindeki e\u0219siz co\u011frafyas\u0131yla Ege&#8217;ye uzanan Halkidiki, sadece bir tatil destinasyonu olman\u0131n \u00f6tesinde, zengin ku\u0308ltu\u0308ru\u0308, do\u011fal gu\u0308zellikleri ve stratejik konumuyla dikkat \u00e7ekiyor. B\u00f6lgenin artan popu\u0308laritesi, onu gayrimenkul yat\u0131r\u0131mc\u0131lar\u0131 i\u00e7in en cazip rotalardan biri haline getiriyor. Ke\u015ffet Ege Yap\u0131 Yunanistan Golden Visa","og_url":"https:\/\/ervaglobal.com\/en\/yurt-disi-gayrimenkul\/yunanistan\/","og_site_name":"ervaglobal.com","article_modified_time":"2026-02-23T07:14:45+00:00","og_image":[{"url":"https:\/\/ervaglobal.com\/wp-content\/uploads\/2026\/02\/Render03_Ikili-Blok.jpg","type":"","width":"","height":""}],"twitter_card":"summary_large_image","schema":{"@context":"https:\/\/schema.org","@graph":[{"@type":"WebPage","@id":"https:\/\/ervaglobal.com\/yurt-disi-gayrimenkul\/yunanistan\/","url":"https:\/\/ervaglobal.com\/yurt-disi-gayrimenkul\/yunanistan\/","name":"Yunanistan - ervaglobal.com","isPartOf":{"@id":"https:\/\/ervaglobal.com\/#website"},"primaryImageOfPage":{"@id":"https:\/\/ervaglobal.com\/yurt-disi-gayrimenkul\/yunanistan\/#primaryimage"},"image":{"@id":"https:\/\/ervaglobal.com\/yurt-disi-gayrimenkul\/yunanistan\/#primaryimage"},"thumbnailUrl":"https:\/\/ervaglobal.com\/wp-content\/uploads\/2026\/02\/Render03_Ikili-Blok.jpg","datePublished":"2026-02-19T08:43:22+00:00","dateModified":"2026-02-23T07:14:45+00:00","breadcrumb":{"@id":"https:\/\/ervaglobal.com\/yurt-disi-gayrimenkul\/yunanistan\/#breadcrumb"},"inLanguage":"en-US","potentialAction":[{"@type":"ReadAction","target":["https:\/\/ervaglobal.com\/yurt-disi-gayrimenkul\/yunanistan\/"]}]},{"@type":"ImageObject","inLanguage":"en-US","@id":"https:\/\/ervaglobal.com\/yurt-disi-gayrimenkul\/yunanistan\/#primaryimage","url":"https:\/\/ervaglobal.com\/wp-content\/uploads\/2026\/02\/Render03_Ikili-Blok.jpg","contentUrl":"https:\/\/ervaglobal.com\/wp-content\/uploads\/2026\/02\/Render03_Ikili-Blok.jpg"},{"@type":"BreadcrumbList","@id":"https:\/\/ervaglobal.com\/yurt-disi-gayrimenkul\/yunanistan\/#breadcrumb","itemListElement":[{"@type":"ListItem","position":1,"name":"Anasayfa","item":"https:\/\/ervaglobal.com\/"},{"@type":"ListItem","position":2,"name":"Yurt D\u0131\u015f\u0131 Gayrimenkul","item":"https:\/\/ervaglobal.com\/yurt-disi-gayrimenkul\/"},{"@type":"ListItem","position":3,"name":"Yunanistan"}]},{"@type":"WebSite","@id":"https:\/\/ervaglobal.com\/#website","url":"https:\/\/ervaglobal.com\/","name":"ervaglobal.com","description":"","publisher":{"@id":"https:\/\/ervaglobal.com\/#organization"},"potentialAction":[{"@type":"SearchAction","target":{"@type":"EntryPoint","urlTemplate":"https:\/\/ervaglobal.com\/?s={search_term_string}"},"query-input":{"@type":"PropertyValueSpecification","valueRequired":true,"valueName":"search_term_string"}}],"inLanguage":"en-US"},{"@type":"Organization","@id":"https:\/\/ervaglobal.com\/#organization","name":"ervaglobal.com","url":"https:\/\/ervaglobal.com\/","logo":{"@type":"ImageObject","inLanguage":"en-US","@id":"https:\/\/ervaglobal.com\/#\/schema\/logo\/image\/","url":"https:\/\/ervaglobal.com\/wp-content\/uploads\/2026\/02\/Global-Mavi--e1770983721631.png","contentUrl":"https:\/\/ervaglobal.com\/wp-content\/uploads\/2026\/02\/Global-Mavi--e1770983721631.png","width":1150,"height":354,"caption":"ervaglobal.com"},"image":{"@id":"https:\/\/ervaglobal.com\/#\/schema\/logo\/image\/"}}]}},"_hostinger_reach_plugin_has_subscription_block":false,"_hostinger_reach_plugin_is_elementor":false,"_links":{"self":[{"href":"https:\/\/ervaglobal.com\/en\/wp-json\/wp\/v2\/pages\/6301","targetHints":{"allow":["GET"]}}],"collection":[{"href":"https:\/\/ervaglobal.com\/en\/wp-json\/wp\/v2\/pages"}],"about":[{"href":"https:\/\/ervaglobal.com\/en\/wp-json\/wp\/v2\/types\/page"}],"author":[{"embeddable":true,"href":"https:\/\/ervaglobal.com\/en\/wp-json\/wp\/v2\/users\/1"}],"replies":[{"embeddable":true,"href":"https:\/\/ervaglobal.com\/en\/wp-json\/wp\/v2\/comments?post=6301"}],"version-history":[{"count":4,"href":"https:\/\/ervaglobal.com\/en\/wp-json\/wp\/v2\/pages\/6301\/revisions"}],"predecessor-version":[{"id":6339,"href":"https:\/\/ervaglobal.com\/en\/wp-json\/wp\/v2\/pages\/6301\/revisions\/6339"}],"up":[{"embeddable":true,"href":"https:\/\/ervaglobal.com\/en\/wp-json\/wp\/v2\/pages\/6252"}],"wp:attachment":[{"href":"https:\/\/ervaglobal.com\/en\/wp-json\/wp\/v2\/media?parent=6301"}],"curies":[{"name":"wp","href":"https:\/\/api.w.org\/{rel}","templated":true}]}}